{"id":1379,"date":"2026-02-06T18:50:19","date_gmt":"2026-02-06T17:50:19","guid":{"rendered":"https:\/\/arikiapicultura.com\/?page_id=1379"},"modified":"2026-02-06T18:54:40","modified_gmt":"2026-02-06T17:54:40","slug":"contacto-eventos","status":"publish","type":"page","link":"https:\/\/arikiapicultura.com\/index.php\/contacto-eventos\/","title":{"rendered":"Contacto Eventos"},"content":{"rendered":"\t\t<div data-elementor-type=\"wp-page\" data-elementor-id=\"1379\" class=\"elementor elementor-1379\">\n\t\t\t\t\t\t<section class=\"elementor-section elementor-top-section elementor-element elementor-element-99fd913 elementor-section-boxed elementor-section-height-default elementor-section-height-default\" data-id=\"99fd913\" data-element_type=\"section\" data-e-type=\"section\">\n\t\t\t\t\t\t<div class=\"elementor-container elementor-column-gap-default\">\n\t\t\t\t\t<div class=\"elementor-column elementor-col-100 elementor-top-column elementor-element elementor-element-867861a\" data-id=\"867861a\" data-element_type=\"column\" data-e-type=\"column\">\n\t\t\t<div class=\"elementor-widget-wrap elementor-element-populated\">\n\t\t\t\t\t\t<div class=\"elementor-element elementor-element-494c458 elementor-widget elementor-widget-spacer\" data-id=\"494c458\" data-element_type=\"widget\" data-e-type=\"widget\" data-widget_type=\"spacer.default\">\n\t\t\t\t<div class=\"elementor-widget-container\">\n\t\t\t\t\t\t\t<div class=\"elementor-spacer\">\n\t\t\t<div class=\"elementor-spacer-inner\"><\/div>\n\t\t<\/div>\n\t\t\t\t\t\t<\/div>\n\t\t\t\t<\/div>\n\t\t\t\t\t<\/div>\n\t\t<\/div>\n\t\t\t\t\t<\/div>\n\t\t<\/section>\n\t\t\t\t<section class=\"elementor-section elementor-top-section elementor-element elementor-element-7e0c9a2 elementor-section-boxed elementor-section-height-default elementor-section-height-default\" data-id=\"7e0c9a2\" data-element_type=\"section\" data-e-type=\"section\">\n\t\t\t\t\t\t<div class=\"elementor-container elementor-column-gap-default\">\n\t\t\t\t\t<div class=\"elementor-column elementor-col-100 elementor-top-column elementor-element elementor-element-be123fd\" data-id=\"be123fd\" data-element_type=\"column\" data-e-type=\"column\">\n\t\t\t<div class=\"elementor-widget-wrap elementor-element-populated\">\n\t\t\t\t\t\t<div class=\"elementor-element elementor-element-adec26a elementor-widget elementor-widget-heading\" data-id=\"adec26a\" data-element_type=\"widget\" data-e-type=\"widget\" data-widget_type=\"heading.default\">\n\t\t\t\t<div class=\"elementor-widget-container\">\n\t\t\t\t\t<h2 class=\"elementor-heading-title elementor-size-default\">Solicita una propuesta para tu evento<\/h2>\t\t\t\t<\/div>\n\t\t\t\t<\/div>\n\t\t\t\t\t<\/div>\n\t\t<\/div>\n\t\t\t\t\t<\/div>\n\t\t<\/section>\n\t\t\t\t<section class=\"elementor-section elementor-top-section elementor-element elementor-element-0e948c8 elementor-section-boxed elementor-section-height-default elementor-section-height-default\" data-id=\"0e948c8\" data-element_type=\"section\" data-e-type=\"section\">\n\t\t\t\t\t\t<div class=\"elementor-container elementor-column-gap-default\">\n\t\t\t\t\t<div class=\"elementor-column elementor-col-100 elementor-top-column elementor-element elementor-element-78d7e67\" data-id=\"78d7e67\" data-element_type=\"column\" data-e-type=\"column\">\n\t\t\t<div class=\"elementor-widget-wrap elementor-element-populated\">\n\t\t\t\t\t\t<div class=\"elementor-element elementor-element-940cd27 elementor-widget elementor-widget-spacer\" data-id=\"940cd27\" data-element_type=\"widget\" data-e-type=\"widget\" data-widget_type=\"spacer.default\">\n\t\t\t\t<div class=\"elementor-widget-container\">\n\t\t\t\t\t\t\t<div class=\"elementor-spacer\">\n\t\t\t<div class=\"elementor-spacer-inner\"><\/div>\n\t\t<\/div>\n\t\t\t\t\t\t<\/div>\n\t\t\t\t<\/div>\n\t\t\t\t\t<\/div>\n\t\t<\/div>\n\t\t\t\t\t<\/div>\n\t\t<\/section>\n\t\t\t\t<section class=\"elementor-section elementor-top-section elementor-element elementor-element-409b379 elementor-section-boxed elementor-section-height-default elementor-section-height-default\" data-id=\"409b379\" data-element_type=\"section\" data-e-type=\"section\">\n\t\t\t\t\t\t<div class=\"elementor-container elementor-column-gap-default\">\n\t\t\t\t\t<div class=\"elementor-column elementor-col-50 elementor-top-column elementor-element elementor-element-a1225ba\" data-id=\"a1225ba\" data-element_type=\"column\" data-e-type=\"column\">\n\t\t\t<div class=\"elementor-widget-wrap elementor-element-populated\">\n\t\t\t\t\t\t<div class=\"elementor-element elementor-element-28e49f8 elementor-widget elementor-widget-text-editor\" data-id=\"28e49f8\" data-element_type=\"widget\" data-e-type=\"widget\" data-widget_type=\"text-editor.default\">\n\t\t\t\t<div class=\"elementor-widget-container\">\n\t\t\t\t\t\t\t\t\t<p>Cu\u00e9ntanos los detalles de tu evento y dise\u00f1aremos una experiencia ap\u00edcola a medida para tu equipo, tu marca o tus clientes.<\/p>\n<p><\/p>\n<ul><li>Propuestas personalizadas sin compromiso<\/li>\n<li>Adaptaci\u00f3n a tipo de evento, p\u00fablico y espacio<\/li>\n<li>Experiencia con empresas, agencias e instituciones<\/li>\n<\/ul><div><font color=\"#504d4a\" face=\"Bitter\"><br><\/font><\/div><div><font color=\"#504d4a\" face=\"Bitter\">Te responderemos en breve para ampliar informaci\u00f3n y preparar una propuesta ajustada a tu evento.<\/font><\/div>\t\t\t\t\t\t\t\t<\/div>\n\t\t\t\t<\/div>\n\t\t\t\t\t<\/div>\n\t\t<\/div>\n\t\t\t\t<div class=\"elementor-column elementor-col-50 elementor-top-column elementor-element elementor-element-f98b1cf\" data-id=\"f98b1cf\" data-element_type=\"column\" data-e-type=\"column\">\n\t\t\t<div class=\"elementor-widget-wrap elementor-element-populated\">\n\t\t\t\t\t\t<div class=\"elementor-element elementor-element-455f786 elementor-widget elementor-widget-shortcode\" data-id=\"455f786\" data-element_type=\"widget\" data-e-type=\"widget\" data-widget_type=\"shortcode.default\">\n\t\t\t\t<div class=\"elementor-widget-container\">\n\t\t\t\t\t\t\t<div class=\"elementor-shortcode\"><div class=\"forminator-ui forminator-custom-form forminator-custom-form-1378 forminator-design--default  forminator_ajax\" data-forminator-render=\"0\" data-form=\"forminator-module-1378\" data-uid=\"69e5e72a8a5da\"><br\/><\/div><form\n\t\t\t\tid=\"forminator-module-1378\"\n\t\t\t\tclass=\"forminator-ui forminator-custom-form forminator-custom-form-1378 forminator-design--default  forminator_ajax\"\n\t\t\t\tmethod=\"post\"\n\t\t\t\tdata-forminator-render=\"0\"\n\t\t\t\tdata-form-id=\"1378\"\n\t\t\t\t data-color-option=\"theme\" data-design=\"default\" data-grid=\"open\" style=\"display: none;\"\n\t\t\t\tdata-uid=\"69e5e72a8a5da\"\n\t\t\t><div role=\"alert\" aria-live=\"polite\" class=\"forminator-response-message forminator-error\" aria-hidden=\"true\"><\/div><div class=\"forminator-row\"><div id=\"name-1\" class=\"forminator-field-name forminator-col forminator-col-12 \"><div class=\"forminator-row forminator-no-margin\" data-multiple=\"true\"><div class=\"forminator-col forminator-col-md-6\"><div class=\"forminator-field\"><label for=\"forminator-field-1378__field--name-1_69e5e72a8a5da\" id=\"forminator-field-1378__field--name-1_69e5e72a8a5da-label\" class=\"forminator-label\">Prefijo<\/label><select name=\"name-1-prefix\" id=\"forminator-field-1378__field--name-1_69e5e72a8a5da\" class=\"forminator-select2\" data-multi=\"1\" autocomplete=\"honorific-prefix\" aria-labelledby=\"forminator-field-1378__field--name-1_69e5e72a8a5da-label\" data-default-value=\"\"><option value=\"Mr\" >Sr.<\/option><option value=\"Mrs\" >Sra.<\/option><option value=\"Ms\" >Sta.<\/option><option value=\"Mx\" >Mx.<\/option><option value=\"Miss\" >Se\u00f1orita<\/option><option value=\"Dr\" >Dr.<\/option><option value=\"Prof\" >Prof.<\/option><\/select><\/div><\/div><div class=\"forminator-col forminator-col-md-6\"><div class=\"forminator-field\"><label for=\"forminator-field-first-name-1_69e5e72a8a5da\" id=\"forminator-field-first-name-1_69e5e72a8a5da-label\" class=\"forminator-label\">Nombre <span class=\"forminator-required\">*<\/span><\/label><input type=\"text\" name=\"name-1-first-name\" placeholder=\"\" id=\"forminator-field-first-name-1_69e5e72a8a5da\" class=\"forminator-input\" aria-required=\"true\" data-multi=\"1\" autocomplete=\"given-name\" value=\"\" \/><\/div><\/div><div class=\"forminator-col forminator-col-md-6\"><div class=\"forminator-field\"><label for=\"forminator-field-middle-name-1_69e5e72a8a5da\" id=\"forminator-field-middle-name-1_69e5e72a8a5da-label\" class=\"forminator-label\">Segundo nombre<\/label><input type=\"text\" name=\"name-1-middle-name\" placeholder=\"\" id=\"forminator-field-middle-name-1_69e5e72a8a5da\" class=\"forminator-input\" aria-required=\"false\" data-multi=\"1\" autocomplete=\"additional-name\" value=\"\" \/><\/div><\/div><div class=\"forminator-col forminator-col-md-6\"><div class=\"forminator-field\"><label for=\"forminator-field-last-name-1_69e5e72a8a5da\" id=\"forminator-field-last-name-1_69e5e72a8a5da-label\" class=\"forminator-label\">Apellidos <span class=\"forminator-required\">*<\/span><\/label><input type=\"text\" name=\"name-1-last-name\" placeholder=\"\" id=\"forminator-field-last-name-1_69e5e72a8a5da\" class=\"forminator-input\" aria-required=\"true\" data-multi=\"1\" autocomplete=\"family-name\" value=\"\" \/><\/div><\/div><\/div><\/div><\/div><div class=\"forminator-row\"><div id=\"text-1\" class=\"forminator-field-text forminator-col forminator-col-12 \"><div class=\"forminator-field\"><label for=\"forminator-field-text-1_69e5e72a8a5da\" id=\"forminator-field-text-1_69e5e72a8a5da-label\" class=\"forminator-label\">Empresa \/ Organizaci\u00f3n <span class=\"forminator-required\">*<\/span><\/label><input type=\"text\" name=\"text-1\" value=\"\" placeholder=\"\" id=\"forminator-field-text-1_69e5e72a8a5da\" class=\"forminator-input forminator-name--field\" data-required=\"1\" \/><\/div><\/div><\/div><div class=\"forminator-row\"><div id=\"email-1\" class=\"forminator-field-email forminator-col forminator-col-12 \"><div class=\"forminator-field\"><label for=\"forminator-field-email-1_69e5e72a8a5da\" id=\"forminator-field-email-1_69e5e72a8a5da-label\" class=\"forminator-label\">Correo electr\u00f3nico <span class=\"forminator-required\">*<\/span><\/label><input type=\"email\" name=\"email-1\" value=\"\" placeholder=\"\" id=\"forminator-field-email-1_69e5e72a8a5da\" class=\"forminator-input forminator-email--field\" data-required=\"true\" aria-required=\"true\" autocomplete=\"email\" \/><\/div><\/div><\/div><div class=\"forminator-row\"><div id=\"phone-1\" class=\"forminator-field-phone forminator-col forminator-col-12 \"><div class=\"forminator-field\"><label for=\"forminator-field-phone-1_69e5e72a8a5da\" id=\"forminator-field-phone-1_69e5e72a8a5da-label\" class=\"forminator-label\">Tel\u00e9fono de contacto <span class=\"forminator-required\">*<\/span><\/label><input type=\"text\" name=\"phone-1\" value=\"\" placeholder=\"\" id=\"forminator-field-phone-1_69e5e72a8a5da\" class=\"forminator-input forminator-field--phone\" data-required=\"1\" aria-required=\"true\" autocomplete=\"off\" data-validation=\"1\" \/><\/div><\/div><\/div><div class=\"forminator-row\"><div id=\"select-1\" class=\"forminator-field-select forminator-col forminator-col-12 \"><div class=\"forminator-field\"><label for=\"forminator-form-1378__field--select-1_69e5e72a8a5da\" id=\"forminator-form-1378__field--select-1_69e5e72a8a5da-label\" class=\"forminator-label\">Tipo de evento <span class=\"forminator-required\">*<\/span><\/label><select  id=\"forminator-form-1378__field--select-1_69e5e72a8a5da\" class=\"forminator-select--field forminator-select2 forminator-select2-multiple\" data-required=\"1\" name=\"select-1\" data-default-value=\"\" data-hidden-behavior=\"zero\" data-placeholder=\"Elegir tipo de evento\" data-search=\"false\" data-search-placeholder=\"Elegir tipo de evento\" data-checkbox=\"false\" data-allow-clear=\"false\" aria-labelledby=\"forminator-form-1378__field--select-1_69e5e72a8a5da-label\"><option value=\"\"  >Elegir tipo de evento<\/option><option value=\"one\"  data-calculation=\"0\">Teambuilding corporativo<\/option><option value=\"two\"  data-calculation=\"0\">Evento de empresa<\/option><option value=\"Evento-institucional\"  data-calculation=\"0\">Evento institucional<\/option><option value=\"Feria-o-congreso\"  data-calculation=\"0\">Feria o congreso<\/option><option value=\"Jornada-de-sostenibilidad\"  data-calculation=\"0\">Jornada de sostenibilidad<\/option><option value=\"Otro\"  data-calculation=\"0\">Otro<\/option><\/select><\/div><\/div><\/div><div class=\"forminator-row\"><div id=\"select-2\" class=\"forminator-field-select forminator-col forminator-col-12 \"><div class=\"forminator-field\"><label for=\"forminator-form-1378__field--select-2_69e5e72a8a5da\" id=\"forminator-form-1378__field--select-2_69e5e72a8a5da-label\" class=\"forminator-label\">N\u00famero de participantes <span class=\"forminator-required\">*<\/span><\/label><select  id=\"forminator-form-1378__field--select-2_69e5e72a8a5da\" class=\"forminator-select--field forminator-select2 forminator-select2-multiple\" data-required=\"1\" name=\"select-2\" data-default-value=\"\" data-hidden-behavior=\"zero\" data-placeholder=\"Elegir numero participantes\" data-search=\"false\" data-search-placeholder=\"Elegir numero participantes\" data-checkbox=\"false\" data-allow-clear=\"false\" aria-labelledby=\"forminator-form-1378__field--select-2_69e5e72a8a5da-label\"><option value=\"\"  >Elegir numero participantes<\/option><option value=\"one\"  data-calculation=\"0\">Menos de 20<\/option><option value=\"two\"  data-calculation=\"0\">20 - 40<\/option><option value=\"40---60\"  data-calculation=\"0\">40 - 60<\/option><option value=\"M\u00e1s-de-80\"  data-calculation=\"0\">M\u00e1s de 80<\/option><\/select><\/div><\/div><\/div><div class=\"forminator-row\"><div id=\"date-1\" class=\"forminator-field-date forminator-col forminator-col-12 \"><div class=\"forminator-field\"><label for=\"forminator-field-date-1-picker_69e5e72a8a5da\" id=\"forminator-field-date-1-picker_69e5e72a8a5da-label\" class=\"forminator-label\">Fecha prevista del evento<\/label><div class=\"forminator-input-with-icon\"><span class=\"forminator-icon-calendar\" aria-hidden=\"true\"><\/span><input autocomplete=\"off\" type=\"text\" size=\"1\" name=\"date-1\" value=\"\" placeholder=\"Elegir fecha\" id=\"forminator-field-date-1-picker_69e5e72a8a5da\" class=\"forminator-input forminator-datepicker\" data-required=\"\" data-format=\"dd-mm-yy\" data-restrict-type=\"\" data-restrict=\"\" data-start-year=\"1926\" data-end-year=\"2126\" data-past-dates=\"enable\" data-start-of-week=\"1\" data-start-date=\"\" data-end-date=\"\" data-start-field=\"\" data-end-field=\"\" data-start-offset=\"\" data-end-offset=\"\" data-disable-date=\"\" data-disable-range=\"\" \/><\/div><\/div><\/div><\/div><div class=\"forminator-row\"><div id=\"name-2\" class=\"forminator-field-name forminator-col forminator-col-12 \"><div class=\"forminator-field\"><label for=\"forminator-field-name-2_69e5e72a8a5da\" id=\"forminator-field-name-2_69e5e72a8a5da-label\" class=\"forminator-label\">Lugar o Ciudad del evento<\/label><input type=\"text\" name=\"name-2\" value=\"\" placeholder=\"\" id=\"forminator-field-name-2_69e5e72a8a5da\" class=\"forminator-input forminator-name--field\" aria-required=\"false\" autocomplete=\"name\" \/><\/div><\/div><\/div><div class=\"forminator-row\"><div id=\"select-3\" class=\"forminator-field-select forminator-col forminator-col-12 \"><div class=\"forminator-field\"><label for=\"forminator-form-1378__field--select-3_69e5e72a8a5da\" id=\"forminator-form-1378__field--select-3_69e5e72a8a5da-label\" class=\"forminator-label\">Tipo de experiencia que buscas<\/label><select multiple id=\"forminator-form-1378__field--select-3_69e5e72a8a5da\" class=\"forminator-select--field forminator-select2 forminator-select2-multiple\" data-required=\"\" name=\"select-3[]\" data-default-value=\"\" data-hidden-behavior=\"zero\" data-placeholder=\"\" data-search=\"false\" data-search-placeholder=\"Search\" data-checkbox=\"false\" data-allow-clear=\"true\" aria-labelledby=\"forminator-form-1378__field--select-3_69e5e72a8a5da-label\"><option value=\"one\"  data-calculation=\"0\">Experiencia ap\u00edcola \/ divulgativa<\/option><option value=\"two\"  data-calculation=\"0\">Taller participativo<\/option><option value=\"Experiencia-gastron\u00f3mica\"  data-calculation=\"0\">Experiencia gastron\u00f3mica<\/option><option value=\"Stand-ap\u00edcola-para-eventos\"  data-calculation=\"0\">Stand ap\u00edcola para eventos<\/option><option value=\"Propuesta-a-medida\"  data-calculation=\"0\">Propuesta a medida<\/option><\/select><\/div><\/div><\/div><div class=\"forminator-row\"><div id=\"textarea-1\" class=\"forminator-field-textarea forminator-col forminator-col-12 \"><div class=\"forminator-field\"><label for=\"forminator-field-textarea-1_69e5e72a8a5da\" id=\"forminator-field-textarea-1_69e5e72a8a5da-label\" class=\"forminator-label\">Cu\u00e9ntanos brevemente qu\u00e9 tienes en mente<\/label><textarea name=\"textarea-1\" placeholder=\"\" id=\"forminator-field-textarea-1_69e5e72a8a5da\" class=\"forminator-textarea\" rows=\"6\" style=\"min-height:140px;\" >Tipo de p\u00fablico, duraci\u00f3n, objetivos del evento o cualquier detalle que consideres importante<\/textarea><\/div><\/div><\/div><input type=\"hidden\" name=\"referer_url\" value=\"\" \/><div class=\"forminator-row forminator-row-last\"><div class=\"forminator-col\"><div class=\"forminator-field\"><button class=\"forminator-button forminator-button-submit\">Solicitar propuesta personalizada<\/button><\/div><\/div><\/div><input type=\"hidden\" id=\"forminator_nonce\" name=\"forminator_nonce\" value=\"d24fd31328\" \/><input type=\"hidden\" name=\"_wp_http_referer\" value=\"\/index.php\/wp-json\/wp\/v2\/pages\/1379\" \/><input type=\"hidden\" name=\"form_id\" value=\"1378\"><input type=\"hidden\" name=\"page_id\" value=\"1379\"><input type=\"hidden\" name=\"form_type\" value=\"default\"><input type=\"hidden\" name=\"current_url\" value=\"https:\/\/arikiapicultura.com\/index.php\/contacto-eventos\/\"><input type=\"hidden\" name=\"render_id\" value=\"0\"><input type=\"hidden\" name=\"action\" value=\"forminator_submit_form_custom-forms\"><\/form><\/div>\n\t\t\t\t\t\t<\/div>\n\t\t\t\t<\/div>\n\t\t\t\t\t<\/div>\n\t\t<\/div>\n\t\t\t\t\t<\/div>\n\t\t<\/section>\n\t\t\t\t<\/div>\n\t\t","protected":false},"excerpt":{"rendered":"<p>Solicita una propuesta para tu evento Cu\u00e9ntanos los detalles de tu evento y dise\u00f1aremos una experiencia ap\u00edcola a medida para tu equipo, tu marca o tus clientes. Propuestas personalizadas sin compromiso Adaptaci\u00f3n a tipo de evento, p\u00fablico y espacio Experiencia con empresas, agencias e instituciones Te responderemos en breve para ampliar informaci\u00f3n y preparar una [&hellip;]<\/p>\n","protected":false},"author":1,"featured_media":0,"parent":0,"menu_order":0,"comment_status":"closed","ping_status":"closed","template":"","meta":{"_monsterinsights_skip_tracking":false,"_monsterinsights_sitenote_active":false,"_monsterinsights_sitenote_note":"","_monsterinsights_sitenote_category":0,"_joinchat":[],"footnotes":""},"class_list":["post-1379","page","type-page","status-publish","hentry"],"aioseo_notices":[],"_links":{"self":[{"href":"https:\/\/arikiapicultura.com\/index.php\/wp-json\/wp\/v2\/pages\/1379","targetHints":{"allow":["GET"]}}],"collection":[{"href":"https:\/\/arikiapicultura.com\/index.php\/wp-json\/wp\/v2\/pages"}],"about":[{"href":"https:\/\/arikiapicultura.com\/index.php\/wp-json\/wp\/v2\/types\/page"}],"author":[{"embeddable":true,"href":"https:\/\/arikiapicultura.com\/index.php\/wp-json\/wp\/v2\/users\/1"}],"replies":[{"embeddable":true,"href":"https:\/\/arikiapicultura.com\/index.php\/wp-json\/wp\/v2\/comments?post=1379"}],"version-history":[{"count":7,"href":"https:\/\/arikiapicultura.com\/index.php\/wp-json\/wp\/v2\/pages\/1379\/revisions"}],"predecessor-version":[{"id":1387,"href":"https:\/\/arikiapicultura.com\/index.php\/wp-json\/wp\/v2\/pages\/1379\/revisions\/1387"}],"wp:attachment":[{"href":"https:\/\/arikiapicultura.com\/index.php\/wp-json\/wp\/v2\/media?parent=1379"}],"curies":[{"name":"wp","href":"https:\/\/api.w.org\/{rel}","templated":true}]}}