{"id":1424,"date":"2026-02-13T13:09:59","date_gmt":"2026-02-13T12:09:59","guid":{"rendered":"https:\/\/arikiapicultura.com\/?page_id=1424"},"modified":"2026-02-13T13:17:46","modified_gmt":"2026-02-13T12:17:46","slug":"curso-jabones-artesanales-de-la-colmena","status":"publish","type":"page","link":"https:\/\/arikiapicultura.com\/index.php\/curso-jabones-artesanales-de-la-colmena\/","title":{"rendered":"Curso Jabones Artesanales de la Colmena"},"content":{"rendered":"\t\t<div data-elementor-type=\"wp-page\" data-elementor-id=\"1424\" class=\"elementor elementor-1424\">\n\t\t\t\t\t\t<section class=\"elementor-section elementor-top-section elementor-element elementor-element-90c633f elementor-section-boxed elementor-section-height-default elementor-section-height-default\" data-id=\"90c633f\" data-element_type=\"section\" data-e-type=\"section\">\n\t\t\t\t\t\t<div class=\"elementor-container elementor-column-gap-default\">\n\t\t\t\t\t<div class=\"elementor-column elementor-col-100 elementor-top-column elementor-element elementor-element-4a22e3d\" data-id=\"4a22e3d\" data-element_type=\"column\" data-e-type=\"column\">\n\t\t\t<div class=\"elementor-widget-wrap elementor-element-populated\">\n\t\t\t\t\t\t<div class=\"elementor-element elementor-element-0f8d378 elementor-widget elementor-widget-spacer\" data-id=\"0f8d378\" data-element_type=\"widget\" data-e-type=\"widget\" data-widget_type=\"spacer.default\">\n\t\t\t\t<div class=\"elementor-widget-container\">\n\t\t\t\t\t\t\t<div class=\"elementor-spacer\">\n\t\t\t<div class=\"elementor-spacer-inner\"><\/div>\n\t\t<\/div>\n\t\t\t\t\t\t<\/div>\n\t\t\t\t<\/div>\n\t\t\t\t\t<\/div>\n\t\t<\/div>\n\t\t\t\t\t<\/div>\n\t\t<\/section>\n\t\t\t\t<section class=\"elementor-section elementor-top-section elementor-element elementor-element-9042244 elementor-section-boxed elementor-section-height-default elementor-section-height-default\" data-id=\"9042244\" data-element_type=\"section\" data-e-type=\"section\">\n\t\t\t\t\t\t<div class=\"elementor-container elementor-column-gap-default\">\n\t\t\t\t\t<div class=\"elementor-column elementor-col-100 elementor-top-column elementor-element elementor-element-a827d83\" data-id=\"a827d83\" data-element_type=\"column\" data-e-type=\"column\">\n\t\t\t<div class=\"elementor-widget-wrap elementor-element-populated\">\n\t\t\t\t\t\t<div class=\"elementor-element elementor-element-f3b2c25 elementor-widget elementor-widget-heading\" data-id=\"f3b2c25\" data-element_type=\"widget\" data-e-type=\"widget\" data-widget_type=\"heading.default\">\n\t\t\t\t<div class=\"elementor-widget-container\">\n\t\t\t\t\t<h2 class=\"elementor-heading-title elementor-size-default\">Curso de Jabones Artesanales con Productos de la Colmena<\/h2>\t\t\t\t<\/div>\n\t\t\t\t<\/div>\n\t\t\t\t\t<\/div>\n\t\t<\/div>\n\t\t\t\t\t<\/div>\n\t\t<\/section>\n\t\t\t\t<section class=\"elementor-section elementor-top-section elementor-element elementor-element-9a83608 elementor-section-boxed elementor-section-height-default elementor-section-height-default\" data-id=\"9a83608\" data-element_type=\"section\" data-e-type=\"section\">\n\t\t\t\t\t\t<div class=\"elementor-container elementor-column-gap-default\">\n\t\t\t\t\t<div class=\"elementor-column elementor-col-100 elementor-top-column elementor-element elementor-element-9ad6254\" data-id=\"9ad6254\" data-element_type=\"column\" data-e-type=\"column\">\n\t\t\t<div class=\"elementor-widget-wrap elementor-element-populated\">\n\t\t\t\t\t\t<div class=\"elementor-element elementor-element-a4f8547 elementor-widget elementor-widget-heading\" data-id=\"a4f8547\" data-element_type=\"widget\" data-e-type=\"widget\" data-widget_type=\"heading.default\">\n\t\t\t\t<div class=\"elementor-widget-container\">\n\t\t\t\t\t<h4 class=\"elementor-heading-title elementor-size-default\">Convierte ingredientes naturales en belleza y bienestar<\/h4>\t\t\t\t<\/div>\n\t\t\t\t<\/div>\n\t\t\t\t\t<\/div>\n\t\t<\/div>\n\t\t\t\t\t<\/div>\n\t\t<\/section>\n\t\t\t\t<section class=\"elementor-section elementor-top-section elementor-element elementor-element-7f4664b elementor-section-boxed elementor-section-height-default elementor-section-height-default\" data-id=\"7f4664b\" data-element_type=\"section\" data-e-type=\"section\">\n\t\t\t\t\t\t<div class=\"elementor-container elementor-column-gap-default\">\n\t\t\t\t\t<div class=\"elementor-column elementor-col-100 elementor-top-column elementor-element elementor-element-a571546\" data-id=\"a571546\" data-element_type=\"column\" data-e-type=\"column\">\n\t\t\t<div class=\"elementor-widget-wrap elementor-element-populated\">\n\t\t\t\t\t\t<div class=\"elementor-element elementor-element-00d85f3 elementor-widget elementor-widget-spacer\" data-id=\"00d85f3\" data-element_type=\"widget\" data-e-type=\"widget\" data-widget_type=\"spacer.default\">\n\t\t\t\t<div class=\"elementor-widget-container\">\n\t\t\t\t\t\t\t<div class=\"elementor-spacer\">\n\t\t\t<div class=\"elementor-spacer-inner\"><\/div>\n\t\t<\/div>\n\t\t\t\t\t\t<\/div>\n\t\t\t\t<\/div>\n\t\t\t\t\t<\/div>\n\t\t<\/div>\n\t\t\t\t\t<\/div>\n\t\t<\/section>\n\t\t\t\t<section class=\"elementor-section elementor-top-section elementor-element elementor-element-228da72 elementor-section-boxed elementor-section-height-default elementor-section-height-default\" data-id=\"228da72\" data-element_type=\"section\" data-e-type=\"section\">\n\t\t\t\t\t\t<div class=\"elementor-container elementor-column-gap-default\">\n\t\t\t\t\t<div class=\"elementor-column elementor-col-100 elementor-top-column elementor-element elementor-element-49e1603\" data-id=\"49e1603\" data-element_type=\"column\" data-e-type=\"column\">\n\t\t\t<div class=\"elementor-widget-wrap elementor-element-populated\">\n\t\t\t\t\t\t<div class=\"elementor-element elementor-element-d053e97 elementor-widget elementor-widget-text-editor\" data-id=\"d053e97\" data-element_type=\"widget\" data-e-type=\"widget\" data-widget_type=\"text-editor.default\">\n\t\t\t\t<div class=\"elementor-widget-container\">\n\t\t\t\t\t\t\t\t\t<p>Aprende a formular y elaborar jabones y cosm\u00e9tica artesanal con miel, cera de abeja, prop\u00f3leos y polen, y crea productos \u00fanicos que puedes vender, regalar o disfrutar en casa.<\/p>\n<h5>\u00bfPor qu\u00e9 este curso es ideal para ti?<\/h5>\n<p>Si te atrae la cosm\u00e9tica natural, quieres emprender o a\u00f1adir valor a tus productos ap\u00edcolas, este curso te gu\u00eda paso a paso para dominar t\u00e9cnicas tradicionales y actuales de elaboraci\u00f3n de jabones artesanales con ingredientes de la colmena.<\/p>\t\t\t\t\t\t\t\t<\/div>\n\t\t\t\t<\/div>\n\t\t\t\t\t<\/div>\n\t\t<\/div>\n\t\t\t\t\t<\/div>\n\t\t<\/section>\n\t\t\t\t<section class=\"elementor-section elementor-top-section elementor-element elementor-element-2fef52f elementor-section-boxed elementor-section-height-default elementor-section-height-default\" data-id=\"2fef52f\" data-element_type=\"section\" data-e-type=\"section\">\n\t\t\t\t\t\t<div class=\"elementor-container elementor-column-gap-default\">\n\t\t\t\t\t<div class=\"elementor-column elementor-col-100 elementor-top-column elementor-element elementor-element-e216cf6\" data-id=\"e216cf6\" data-element_type=\"column\" data-e-type=\"column\">\n\t\t\t<div class=\"elementor-widget-wrap elementor-element-populated\">\n\t\t\t\t\t\t<div class=\"elementor-element elementor-element-8ff6c13 elementor-widget elementor-widget-spacer\" data-id=\"8ff6c13\" data-element_type=\"widget\" data-e-type=\"widget\" data-widget_type=\"spacer.default\">\n\t\t\t\t<div class=\"elementor-widget-container\">\n\t\t\t\t\t\t\t<div class=\"elementor-spacer\">\n\t\t\t<div class=\"elementor-spacer-inner\"><\/div>\n\t\t<\/div>\n\t\t\t\t\t\t<\/div>\n\t\t\t\t<\/div>\n\t\t\t\t\t<\/div>\n\t\t<\/div>\n\t\t\t\t\t<\/div>\n\t\t<\/section>\n\t\t\t\t<section class=\"elementor-section elementor-top-section elementor-element elementor-element-1c9c4eb elementor-section-boxed elementor-section-height-default elementor-section-height-default\" data-id=\"1c9c4eb\" data-element_type=\"section\" data-e-type=\"section\">\n\t\t\t\t\t\t<div class=\"elementor-container elementor-column-gap-default\">\n\t\t\t\t\t<div class=\"elementor-column elementor-col-50 elementor-top-column elementor-element elementor-element-6cfeb1b\" data-id=\"6cfeb1b\" data-element_type=\"column\" data-e-type=\"column\">\n\t\t\t<div class=\"elementor-widget-wrap elementor-element-populated\">\n\t\t\t\t\t\t<div class=\"elementor-element elementor-element-82c5a63 elementor-widget elementor-widget-text-editor\" data-id=\"82c5a63\" data-element_type=\"widget\" data-e-type=\"widget\" data-widget_type=\"text-editor.default\">\n\t\t\t\t<div class=\"elementor-widget-container\">\n\t\t\t\t\t\t\t\t\t<h5>\u00bfQu\u00e9 aprender\u00e1s a elaborar en este curso?<\/h5><ul><li>Jab\u00f3n de Aceite de Oliva y Miel<\/li><li>Jab\u00f3n de Cera de Abeja y Prop\u00f3leo<\/li><li>Jab\u00f3n de Glicerina con Miel y Lavanda<\/li><li data-start=\"1696\" data-end=\"1730\">Champ\u00fa s\u00f3lido de lavanda y polen<\/li><li data-start=\"1733\" data-end=\"1762\">Gel de ba\u00f1o de miel y polen<\/li><\/ul><h5 data-start=\"1769\" data-end=\"1800\">\u00a0<\/h5><h5 data-start=\"1769\" data-end=\"1800\">\u00bfQu\u00e9 beneficios obtienes?<\/h5><ul><li data-start=\"1802\" data-end=\"2076\">Formulaci\u00f3n profesional y pr\u00e1ctica<\/li><li data-start=\"1802\" data-end=\"2076\">T\u00e9cnicas seguras y adaptables a tu negocio<\/li><li data-start=\"1802\" data-end=\"2076\">Productos de alto valor a\u00f1adido<\/li><li data-start=\"1802\" data-end=\"2076\">Material des y gu\u00edas paso a paso<\/li><li data-start=\"1802\" data-end=\"2076\">Acceso a soporte y comunidad de alumnos<\/li><li data-start=\"1802\" data-end=\"2076\">Posibilidad de certificar tus productos y venderlos<\/li><\/ul><h5 data-start=\"2083\" data-end=\"2129\">\u00a0<\/h5><h5 data-start=\"2083\" data-end=\"2129\"><strong data-start=\"2089\" data-end=\"2129\">\u00bfQu\u00e9 podr\u00e1s hacer despu\u00e9s del curso?<\/strong><\/h5><ul><li data-start=\"2131\" data-end=\"2344\">Crear tu propia l\u00ednea de jabones y cosm\u00e9tica<\/li><li data-start=\"2131\" data-end=\"2344\">Vender tus productos en mercados, tiendas o online<\/li><li data-start=\"2131\" data-end=\"2344\">Dise\u00f1ar f\u00f3rmulas exclusivas con identidad propia<\/li><li data-start=\"2131\" data-end=\"2344\">Regalar belleza y bienestar a tus seres queridos<\/li><\/ul>\t\t\t\t\t\t\t\t<\/div>\n\t\t\t\t<\/div>\n\t\t\t\t\t<\/div>\n\t\t<\/div>\n\t\t\t\t<div class=\"elementor-column elementor-col-50 elementor-top-column elementor-element elementor-element-7c15669\" data-id=\"7c15669\" data-element_type=\"column\" data-e-type=\"column\">\n\t\t\t<div class=\"elementor-widget-wrap elementor-element-populated\">\n\t\t\t\t\t\t<div class=\"elementor-element elementor-element-e4b8530 elementor-widget elementor-widget-image\" data-id=\"e4b8530\" data-element_type=\"widget\" data-e-type=\"widget\" data-widget_type=\"image.default\">\n\t\t\t\t<div class=\"elementor-widget-container\">\n\t\t\t\t\t\t\t\t\t\t\t\t\t\t\t<img fetchpriority=\"high\" decoding=\"async\" width=\"640\" height=\"427\" src=\"https:\/\/arikiapicultura.com\/wp-content\/uploads\/2026\/02\/cursojabones-1024x683.png\" class=\"attachment-large size-large wp-image-1432\" alt=\"\" srcset=\"https:\/\/arikiapicultura.com\/wp-content\/uploads\/2026\/02\/cursojabones-1024x683.png 1024w, https:\/\/arikiapicultura.com\/wp-content\/uploads\/2026\/02\/cursojabones-300x200.png 300w, https:\/\/arikiapicultura.com\/wp-content\/uploads\/2026\/02\/cursojabones-768x512.png 768w, https:\/\/arikiapicultura.com\/wp-content\/uploads\/2026\/02\/cursojabones-600x400.png 600w, https:\/\/arikiapicultura.com\/wp-content\/uploads\/2026\/02\/cursojabones.png 1536w\" sizes=\"(max-width: 640px) 100vw, 640px\" \/>\t\t\t\t\t\t\t\t\t\t\t\t\t\t\t<\/div>\n\t\t\t\t<\/div>\n\t\t\t\t<div class=\"elementor-element elementor-element-a29d012 elementor-align-center elementor-widget elementor-widget-button\" data-id=\"a29d012\" data-element_type=\"widget\" data-e-type=\"widget\" data-widget_type=\"button.default\">\n\t\t\t\t<div class=\"elementor-widget-container\">\n\t\t\t\t\t\t\t\t\t<div class=\"elementor-button-wrapper\">\n\t\t\t\t\t<a class=\"elementor-button elementor-button-link elementor-size-sm elementor-animation-grow\" href=\"https:\/\/arikiapicultura.com\/index.php\/contacto\/\">\n\t\t\t\t\t\t<span class=\"elementor-button-content-wrapper\">\n\t\t\t\t\t\t<span class=\"elementor-button-icon\">\n\t\t\t\t<i aria-hidden=\"true\" class=\"far fa-arrow-alt-circle-right\"><\/i>\t\t\t<\/span>\n\t\t\t\t\t\t\t\t\t<span class=\"elementor-button-text\">Inscr\u00edbete Ahora<\/span>\n\t\t\t\t\t<\/span>\n\t\t\t\t\t<\/a>\n\t\t\t\t<\/div>\n\t\t\t\t\t\t\t\t<\/div>\n\t\t\t\t<\/div>\n\t\t\t\t\t<\/div>\n\t\t<\/div>\n\t\t\t\t\t<\/div>\n\t\t<\/section>\n\t\t\t\t<section class=\"elementor-section elementor-top-section elementor-element elementor-element-438719b elementor-section-boxed elementor-section-height-default elementor-section-height-default\" data-id=\"438719b\" data-element_type=\"section\" data-e-type=\"section\">\n\t\t\t\t\t\t<div class=\"elementor-container elementor-column-gap-default\">\n\t\t\t\t\t<div class=\"elementor-column elementor-col-100 elementor-top-column elementor-element elementor-element-c360ed7\" data-id=\"c360ed7\" data-element_type=\"column\" data-e-type=\"column\">\n\t\t\t<div class=\"elementor-widget-wrap elementor-element-populated\">\n\t\t\t\t\t\t<div class=\"elementor-element elementor-element-8f080a8 elementor-widget elementor-widget-spacer\" data-id=\"8f080a8\" data-element_type=\"widget\" data-e-type=\"widget\" data-widget_type=\"spacer.default\">\n\t\t\t\t<div class=\"elementor-widget-container\">\n\t\t\t\t\t\t\t<div class=\"elementor-spacer\">\n\t\t\t<div class=\"elementor-spacer-inner\"><\/div>\n\t\t<\/div>\n\t\t\t\t\t\t<\/div>\n\t\t\t\t<\/div>\n\t\t\t\t\t<\/div>\n\t\t<\/div>\n\t\t\t\t\t<\/div>\n\t\t<\/section>\n\t\t\t\t<section class=\"elementor-section elementor-top-section elementor-element elementor-element-d467a89 elementor-section-boxed elementor-section-height-default elementor-section-height-default\" data-id=\"d467a89\" data-element_type=\"section\" data-e-type=\"section\">\n\t\t\t\t\t\t<div class=\"elementor-container elementor-column-gap-default\">\n\t\t\t\t\t<div class=\"elementor-column elementor-col-50 elementor-top-column elementor-element elementor-element-770ebe1\" data-id=\"770ebe1\" data-element_type=\"column\" data-e-type=\"column\">\n\t\t\t<div class=\"elementor-widget-wrap elementor-element-populated\">\n\t\t\t\t\t\t<div class=\"elementor-element elementor-element-12d2dc7 elementor-widget elementor-widget-image\" data-id=\"12d2dc7\" data-element_type=\"widget\" data-e-type=\"widget\" data-widget_type=\"image.default\">\n\t\t\t\t<div class=\"elementor-widget-container\">\n\t\t\t\t\t\t\t\t\t\t\t\t\t\t\t<img decoding=\"async\" width=\"640\" height=\"427\" src=\"https:\/\/arikiapicultura.com\/wp-content\/uploads\/2026\/02\/cursojabonesproceso-1024x683.png\" class=\"attachment-large size-large wp-image-1437\" alt=\"\" srcset=\"https:\/\/arikiapicultura.com\/wp-content\/uploads\/2026\/02\/cursojabonesproceso-1024x683.png 1024w, https:\/\/arikiapicultura.com\/wp-content\/uploads\/2026\/02\/cursojabonesproceso-300x200.png 300w, https:\/\/arikiapicultura.com\/wp-content\/uploads\/2026\/02\/cursojabonesproceso-768x512.png 768w, https:\/\/arikiapicultura.com\/wp-content\/uploads\/2026\/02\/cursojabonesproceso-600x400.png 600w, https:\/\/arikiapicultura.com\/wp-content\/uploads\/2026\/02\/cursojabonesproceso.png 1536w\" sizes=\"(max-width: 640px) 100vw, 640px\" \/>\t\t\t\t\t\t\t\t\t\t\t\t\t\t\t<\/div>\n\t\t\t\t<\/div>\n\t\t\t\t<div class=\"elementor-element elementor-element-63a3124 elementor-align-center elementor-widget elementor-widget-button\" data-id=\"63a3124\" data-element_type=\"widget\" data-e-type=\"widget\" data-widget_type=\"button.default\">\n\t\t\t\t<div class=\"elementor-widget-container\">\n\t\t\t\t\t\t\t\t\t<div class=\"elementor-button-wrapper\">\n\t\t\t\t\t<a class=\"elementor-button elementor-button-link elementor-size-sm elementor-animation-grow\" href=\"https:\/\/arikiapicultura.com\/index.php\/contacto\/\">\n\t\t\t\t\t\t<span class=\"elementor-button-content-wrapper\">\n\t\t\t\t\t\t<span class=\"elementor-button-icon\">\n\t\t\t\t<i aria-hidden=\"true\" class=\"far fa-arrow-alt-circle-right\"><\/i>\t\t\t<\/span>\n\t\t\t\t\t\t\t\t\t<span class=\"elementor-button-text\">Inscr\u00edbete Ahora<\/span>\n\t\t\t\t\t<\/span>\n\t\t\t\t\t<\/a>\n\t\t\t\t<\/div>\n\t\t\t\t\t\t\t\t<\/div>\n\t\t\t\t<\/div>\n\t\t\t\t\t<\/div>\n\t\t<\/div>\n\t\t\t\t<div class=\"elementor-column elementor-col-50 elementor-top-column elementor-element elementor-element-1517578\" data-id=\"1517578\" data-element_type=\"column\" data-e-type=\"column\">\n\t\t\t<div class=\"elementor-widget-wrap elementor-element-populated\">\n\t\t\t\t\t\t<div class=\"elementor-element elementor-element-66f5f06 elementor-widget elementor-widget-text-editor\" data-id=\"66f5f06\" data-element_type=\"widget\" data-e-type=\"widget\" data-widget_type=\"text-editor.default\">\n\t\t\t\t<div class=\"elementor-widget-container\">\n\t\t\t\t\t\t\t\t\t<h5>\u00bfPara qui\u00e9n es este curso?<\/h5><p data-start=\"2385\" data-end=\"2413\">Este curso es perfecto para:<\/p><ul><li data-start=\"2417\" data-end=\"2494\">Apicultores\/as que quieren\u00a0<strong data-start=\"2444\" data-end=\"2475\">diversificar y a\u00f1adir valor<\/strong>a sus productos.<\/li><li data-start=\"2497\" data-end=\"2557\">Emprendedores\/as que desean iniciar un proyecto artesanal.<\/li><li data-start=\"2560\" data-end=\"2615\">Personas interesadas en cosm\u00e9tica natural y sostenible.<\/li><\/ul><h5 data-start=\"2622\" data-end=\"2649\">Formato y metodolog\u00eda<\/h5><p><strong data-start=\"2654\" data-end=\"2681\">Formaci\u00f3n 100% pr\u00e1ctica<\/strong><br data-start=\"2681\" data-end=\"2684\" \/>Incluye explicaciones claras, listas de ingredientes, seguridad en manipulaci\u00f3n y rutinas de trabajo profesional<\/p>\t\t\t\t\t\t\t\t<\/div>\n\t\t\t\t<\/div>\n\t\t\t\t\t<\/div>\n\t\t<\/div>\n\t\t\t\t\t<\/div>\n\t\t<\/section>\n\t\t\t\t<section class=\"elementor-section elementor-top-section elementor-element elementor-element-1ab2a5f elementor-section-boxed elementor-section-height-default elementor-section-height-default\" data-id=\"1ab2a5f\" data-element_type=\"section\" data-e-type=\"section\">\n\t\t\t\t\t\t<div class=\"elementor-container elementor-column-gap-default\">\n\t\t\t\t\t<div class=\"elementor-column elementor-col-100 elementor-top-column elementor-element elementor-element-04e824e\" data-id=\"04e824e\" data-element_type=\"column\" data-e-type=\"column\">\n\t\t\t<div class=\"elementor-widget-wrap elementor-element-populated\">\n\t\t\t\t\t\t<div class=\"elementor-element elementor-element-c89638c elementor-widget elementor-widget-spacer\" data-id=\"c89638c\" data-element_type=\"widget\" data-e-type=\"widget\" data-widget_type=\"spacer.default\">\n\t\t\t\t<div class=\"elementor-widget-container\">\n\t\t\t\t\t\t\t<div class=\"elementor-spacer\">\n\t\t\t<div class=\"elementor-spacer-inner\"><\/div>\n\t\t<\/div>\n\t\t\t\t\t\t<\/div>\n\t\t\t\t<\/div>\n\t\t\t\t\t<\/div>\n\t\t<\/div>\n\t\t\t\t\t<\/div>\n\t\t<\/section>\n\t\t\t\t<section class=\"elementor-section elementor-top-section elementor-element elementor-element-805a7c3 elementor-section-boxed elementor-section-height-default elementor-section-height-default\" data-id=\"805a7c3\" data-element_type=\"section\" data-e-type=\"section\">\n\t\t\t\t\t\t<div class=\"elementor-container elementor-column-gap-default\">\n\t\t\t\t\t<div class=\"elementor-column elementor-col-100 elementor-top-column elementor-element elementor-element-f1d9d18\" data-id=\"f1d9d18\" data-element_type=\"column\" data-e-type=\"column\">\n\t\t\t<div class=\"elementor-widget-wrap elementor-element-populated\">\n\t\t\t\t\t\t<div class=\"elementor-element elementor-element-a44f5fd elementor-widget elementor-widget-text-editor\" data-id=\"a44f5fd\" data-element_type=\"widget\" data-e-type=\"widget\" data-widget_type=\"text-editor.default\">\n\t\t\t\t<div class=\"elementor-widget-container\">\n\t\t\t\t\t\t\t\t\t<h5><strong>\u00bfPor qu\u00e9 formarte en cosm\u00e9tica ap\u00edcola?<\/strong><\/h5><p>La cosm\u00e9tica natural es una tendencia en crecimiento constante.<br \/>Formarte en este \u00e1mbito te permite:<\/p><ul><li>Crear productos diferenciados<\/li><li>Ofrecer valor a\u00f1adido a tus clientes<\/li><li>Desarrollar una l\u00ednea propia con identidad artesanal<\/li><li>Comprender las materias primas y sus propiedades reales<\/li><\/ul><p>Este curso te dar\u00e1 las bases t\u00e9cnicas y pr\u00e1cticas para que puedas seguir desarrollando tu creatividad con seguridad.<\/p><h5><strong>Informaci\u00f3n del curso<\/strong><\/h5><p><strong>Duraci\u00f3n:<\/strong>\u00a05 horas<br \/><strong>Precio:<\/strong>\u00a085 \u20ac<br \/><strong>Incluye:<\/strong>\u00a0materiales y productos finalizados<\/p><h5><strong>Reserva tu plaza<\/strong><\/h5><p>Las plazas son limitadas para garantizar una experiencia pr\u00e1ctica y personalizada.<\/p>\t\t\t\t\t\t\t\t<\/div>\n\t\t\t\t<\/div>\n\t\t\t\t<div class=\"elementor-element elementor-element-cb1c9ce elementor-align-center elementor-widget elementor-widget-button\" data-id=\"cb1c9ce\" data-element_type=\"widget\" data-e-type=\"widget\" data-widget_type=\"button.default\">\n\t\t\t\t<div class=\"elementor-widget-container\">\n\t\t\t\t\t\t\t\t\t<div class=\"elementor-button-wrapper\">\n\t\t\t\t\t<a class=\"elementor-button elementor-button-link elementor-size-sm elementor-animation-grow\" href=\"https:\/\/arikiapicultura.com\/index.php\/contacto\/\">\n\t\t\t\t\t\t<span class=\"elementor-button-content-wrapper\">\n\t\t\t\t\t\t<span class=\"elementor-button-icon\">\n\t\t\t\t<i aria-hidden=\"true\" class=\"far fa-arrow-alt-circle-right\"><\/i>\t\t\t<\/span>\n\t\t\t\t\t\t\t\t\t<span class=\"elementor-button-text\">Inscr\u00edbete Ahora<\/span>\n\t\t\t\t\t<\/span>\n\t\t\t\t\t<\/a>\n\t\t\t\t<\/div>\n\t\t\t\t\t\t\t\t<\/div>\n\t\t\t\t<\/div>\n\t\t\t\t\t<\/div>\n\t\t<\/div>\n\t\t\t\t\t<\/div>\n\t\t<\/section>\n\t\t\t\t<\/div>\n\t\t","protected":false},"excerpt":{"rendered":"<p>Curso de Jabones Artesanales con Productos de la Colmena Convierte ingredientes naturales en belleza y bienestar Aprende a formular y elaborar jabones y cosm\u00e9tica artesanal con miel, cera de abeja, prop\u00f3leos y polen, y crea productos \u00fanicos que puedes vender, regalar o disfrutar en casa. \u00bfPor qu\u00e9 este curso es ideal para ti? Si te [&hellip;]<\/p>\n","protected":false},"author":1,"featured_media":0,"parent":0,"menu_order":0,"comment_status":"closed","ping_status":"closed","template":"","meta":{"_monsterinsights_skip_tracking":false,"_monsterinsights_sitenote_active":false,"_monsterinsights_sitenote_note":"","_monsterinsights_sitenote_category":0,"_joinchat":[],"footnotes":""},"class_list":["post-1424","page","type-page","status-publish","hentry"],"aioseo_notices":[],"_links":{"self":[{"href":"https:\/\/arikiapicultura.com\/index.php\/wp-json\/wp\/v2\/pages\/1424","targetHints":{"allow":["GET"]}}],"collection":[{"href":"https:\/\/arikiapicultura.com\/index.php\/wp-json\/wp\/v2\/pages"}],"about":[{"href":"https:\/\/arikiapicultura.com\/index.php\/wp-json\/wp\/v2\/types\/page"}],"author":[{"embeddable":true,"href":"https:\/\/arikiapicultura.com\/index.php\/wp-json\/wp\/v2\/users\/1"}],"replies":[{"embeddable":true,"href":"https:\/\/arikiapicultura.com\/index.php\/wp-json\/wp\/v2\/comments?post=1424"}],"version-history":[{"count":5,"href":"https:\/\/arikiapicultura.com\/index.php\/wp-json\/wp\/v2\/pages\/1424\/revisions"}],"predecessor-version":[{"id":1447,"href":"https:\/\/arikiapicultura.com\/index.php\/wp-json\/wp\/v2\/pages\/1424\/revisions\/1447"}],"wp:attachment":[{"href":"https:\/\/arikiapicultura.com\/index.php\/wp-json\/wp\/v2\/media?parent=1424"}],"curies":[{"name":"wp","href":"https:\/\/api.w.org\/{rel}","templated":true}]}}