{"id":1463,"date":"2026-02-17T11:43:01","date_gmt":"2026-02-17T10:43:01","guid":{"rendered":"https:\/\/arikiapicultura.com\/?page_id=1463"},"modified":"2026-02-17T12:30:16","modified_gmt":"2026-02-17T11:30:16","slug":"taller-velas-artesanales","status":"publish","type":"page","link":"https:\/\/arikiapicultura.com\/index.php\/taller-velas-artesanales\/","title":{"rendered":"Taller Velas Artesanales"},"content":{"rendered":"\t\t<div data-elementor-type=\"wp-page\" data-elementor-id=\"1463\" class=\"elementor elementor-1463\">\n\t\t\t\t\t\t<section class=\"elementor-section elementor-top-section elementor-element elementor-element-3427564 elementor-section-boxed elementor-section-height-default elementor-section-height-default\" data-id=\"3427564\" data-element_type=\"section\" data-e-type=\"section\">\n\t\t\t\t\t\t<div class=\"elementor-container elementor-column-gap-default\">\n\t\t\t\t\t<div class=\"elementor-column elementor-col-100 elementor-top-column elementor-element elementor-element-62f44fc\" data-id=\"62f44fc\" data-element_type=\"column\" data-e-type=\"column\">\n\t\t\t<div class=\"elementor-widget-wrap elementor-element-populated\">\n\t\t\t\t\t\t<div class=\"elementor-element elementor-element-22df28d elementor-widget elementor-widget-spacer\" data-id=\"22df28d\" data-element_type=\"widget\" data-e-type=\"widget\" data-widget_type=\"spacer.default\">\n\t\t\t\t<div class=\"elementor-widget-container\">\n\t\t\t\t\t\t\t<div class=\"elementor-spacer\">\n\t\t\t<div class=\"elementor-spacer-inner\"><\/div>\n\t\t<\/div>\n\t\t\t\t\t\t<\/div>\n\t\t\t\t<\/div>\n\t\t\t\t\t<\/div>\n\t\t<\/div>\n\t\t\t\t\t<\/div>\n\t\t<\/section>\n\t\t\t\t<section class=\"elementor-section elementor-top-section elementor-element elementor-element-863bc2f elementor-section-boxed elementor-section-height-default elementor-section-height-default\" data-id=\"863bc2f\" data-element_type=\"section\" data-e-type=\"section\">\n\t\t\t\t\t\t<div class=\"elementor-container elementor-column-gap-default\">\n\t\t\t\t\t<div class=\"elementor-column elementor-col-100 elementor-top-column elementor-element elementor-element-52fce32\" data-id=\"52fce32\" data-element_type=\"column\" data-e-type=\"column\">\n\t\t\t<div class=\"elementor-widget-wrap elementor-element-populated\">\n\t\t\t\t\t\t<div class=\"elementor-element elementor-element-f40568c elementor-widget elementor-widget-heading\" data-id=\"f40568c\" data-element_type=\"widget\" data-e-type=\"widget\" data-widget_type=\"heading.default\">\n\t\t\t\t<div class=\"elementor-widget-container\">\n\t\t\t\t\t<h2 class=\"elementor-heading-title elementor-size-default\">Curso de Velas Artesanales<\/h2>\t\t\t\t<\/div>\n\t\t\t\t<\/div>\n\t\t\t\t\t<\/div>\n\t\t<\/div>\n\t\t\t\t\t<\/div>\n\t\t<\/section>\n\t\t\t\t<section class=\"elementor-section elementor-top-section elementor-element elementor-element-653aab3 elementor-section-boxed elementor-section-height-default elementor-section-height-default\" data-id=\"653aab3\" data-element_type=\"section\" data-e-type=\"section\">\n\t\t\t\t\t\t<div class=\"elementor-container elementor-column-gap-default\">\n\t\t\t\t\t<div class=\"elementor-column elementor-col-100 elementor-top-column elementor-element elementor-element-526f044\" data-id=\"526f044\" data-element_type=\"column\" data-e-type=\"column\">\n\t\t\t<div class=\"elementor-widget-wrap elementor-element-populated\">\n\t\t\t\t\t\t<div class=\"elementor-element elementor-element-a0731a8 elementor-widget elementor-widget-heading\" data-id=\"a0731a8\" data-element_type=\"widget\" data-e-type=\"widget\" data-widget_type=\"heading.default\">\n\t\t\t\t<div class=\"elementor-widget-container\">\n\t\t\t\t\t<h4 class=\"elementor-heading-title elementor-size-default\">Aprende a crear velas \u00fanicas con cera de abeja y t\u00e9cnicas profesionales<\/h4>\t\t\t\t<\/div>\n\t\t\t\t<\/div>\n\t\t\t\t\t<\/div>\n\t\t<\/div>\n\t\t\t\t\t<\/div>\n\t\t<\/section>\n\t\t\t\t<section class=\"elementor-section elementor-top-section elementor-element elementor-element-56ffad0 elementor-section-boxed elementor-section-height-default elementor-section-height-default\" data-id=\"56ffad0\" data-element_type=\"section\" data-e-type=\"section\">\n\t\t\t\t\t\t<div class=\"elementor-container elementor-column-gap-default\">\n\t\t\t\t\t<div class=\"elementor-column elementor-col-100 elementor-top-column elementor-element elementor-element-3bcdbee\" data-id=\"3bcdbee\" data-element_type=\"column\" data-e-type=\"column\">\n\t\t\t<div class=\"elementor-widget-wrap elementor-element-populated\">\n\t\t\t\t\t\t<div class=\"elementor-element elementor-element-b771b10 elementor-widget elementor-widget-spacer\" data-id=\"b771b10\" data-element_type=\"widget\" data-e-type=\"widget\" data-widget_type=\"spacer.default\">\n\t\t\t\t<div class=\"elementor-widget-container\">\n\t\t\t\t\t\t\t<div class=\"elementor-spacer\">\n\t\t\t<div class=\"elementor-spacer-inner\"><\/div>\n\t\t<\/div>\n\t\t\t\t\t\t<\/div>\n\t\t\t\t<\/div>\n\t\t\t\t\t<\/div>\n\t\t<\/div>\n\t\t\t\t\t<\/div>\n\t\t<\/section>\n\t\t\t\t<section class=\"elementor-section elementor-top-section elementor-element elementor-element-205b656 elementor-section-boxed elementor-section-height-default elementor-section-height-default\" data-id=\"205b656\" data-element_type=\"section\" data-e-type=\"section\">\n\t\t\t\t\t\t<div class=\"elementor-container elementor-column-gap-default\">\n\t\t\t\t\t<div class=\"elementor-column elementor-col-100 elementor-top-column elementor-element elementor-element-40527bd\" data-id=\"40527bd\" data-element_type=\"column\" data-e-type=\"column\">\n\t\t\t<div class=\"elementor-widget-wrap elementor-element-populated\">\n\t\t\t\t\t\t<div class=\"elementor-element elementor-element-9d050ca elementor-widget elementor-widget-text-editor\" data-id=\"9d050ca\" data-element_type=\"widget\" data-e-type=\"widget\" data-widget_type=\"text-editor.default\">\n\t\t\t\t<div class=\"elementor-widget-container\">\n\t\t\t\t\t\t\t\t\t<p style=\"margin: 0cm; margin-bottom: .0001pt; line-height: 18.0pt;\"><span style=\"font-family: 'Segoe UI',sans-serif; color: #0d0d0d;\">Este curso est\u00e1 dise\u00f1ado para quienes desean adentrarse en el mundo de las velas artesanales con un enfoque totalmente pr\u00e1ctico. Aprender\u00e1s t\u00e9cnicas de creaci\u00f3n, combinaciones de aromas y colores, y secretos para conseguir velas perfectas en casa o como emprendimiento.<\/span><\/p>\t\t\t\t\t\t\t\t<\/div>\n\t\t\t\t<\/div>\n\t\t\t\t\t<\/div>\n\t\t<\/div>\n\t\t\t\t\t<\/div>\n\t\t<\/section>\n\t\t\t\t<section class=\"elementor-section elementor-top-section elementor-element elementor-element-0ca2587 elementor-section-boxed elementor-section-height-default elementor-section-height-default\" data-id=\"0ca2587\" data-element_type=\"section\" data-e-type=\"section\">\n\t\t\t\t\t\t<div class=\"elementor-container elementor-column-gap-default\">\n\t\t\t\t\t<div class=\"elementor-column elementor-col-100 elementor-top-column elementor-element elementor-element-007ef12\" data-id=\"007ef12\" data-element_type=\"column\" data-e-type=\"column\">\n\t\t\t<div class=\"elementor-widget-wrap elementor-element-populated\">\n\t\t\t\t\t\t<div class=\"elementor-element elementor-element-7cdb8a9 elementor-widget elementor-widget-spacer\" data-id=\"7cdb8a9\" data-element_type=\"widget\" data-e-type=\"widget\" data-widget_type=\"spacer.default\">\n\t\t\t\t<div class=\"elementor-widget-container\">\n\t\t\t\t\t\t\t<div class=\"elementor-spacer\">\n\t\t\t<div class=\"elementor-spacer-inner\"><\/div>\n\t\t<\/div>\n\t\t\t\t\t\t<\/div>\n\t\t\t\t<\/div>\n\t\t\t\t\t<\/div>\n\t\t<\/div>\n\t\t\t\t\t<\/div>\n\t\t<\/section>\n\t\t\t\t<section class=\"elementor-section elementor-top-section elementor-element elementor-element-5b9551d elementor-section-boxed elementor-section-height-default elementor-section-height-default\" data-id=\"5b9551d\" data-element_type=\"section\" data-e-type=\"section\">\n\t\t\t\t\t\t<div class=\"elementor-container elementor-column-gap-default\">\n\t\t\t\t\t<div class=\"elementor-column elementor-col-50 elementor-top-column elementor-element elementor-element-fc8f7e4\" data-id=\"fc8f7e4\" data-element_type=\"column\" data-e-type=\"column\">\n\t\t\t<div class=\"elementor-widget-wrap elementor-element-populated\">\n\t\t\t\t\t\t<div class=\"elementor-element elementor-element-f085ec6 elementor-widget elementor-widget-text-editor\" data-id=\"f085ec6\" data-element_type=\"widget\" data-e-type=\"widget\" data-widget_type=\"text-editor.default\">\n\t\t\t\t<div class=\"elementor-widget-container\">\n\t\t\t\t\t\t\t\t\t<h5>\u00bfQu\u00e9 aprender\u00e1s en este curso?<\/h5>\n<ul>\n<li>Velas enrolladas con cera de abeja estampada<\/li>\n<li data-start=\"1513\" data-end=\"1540\">Velas en tarro arom\u00e1ticas<\/li>\n<li data-start=\"1545\" data-end=\"1580\">Wax melts o ambientadores de cera<\/li>\n<li data-start=\"1585\" data-end=\"1601\">Velas de molde<\/li>\n<li data-start=\"1606\" data-end=\"1626\">Velas de inmersi\u00f3n<\/li>\n<li data-start=\"1631\" data-end=\"1672\">Conceptos sobre tipos de ceras y mechas<\/li>\n<li data-start=\"1677\" data-end=\"1737\">Conceptos t\u00e9cnicos: tiempo de curado, efecto t\u00fanel, sudado<\/li><\/ul>\t\t\t\t\t\t\t\t<\/div>\n\t\t\t\t<\/div>\n\t\t\t\t\t<\/div>\n\t\t<\/div>\n\t\t\t\t<div class=\"elementor-column elementor-col-50 elementor-top-column elementor-element elementor-element-0e9e994\" data-id=\"0e9e994\" data-element_type=\"column\" data-e-type=\"column\">\n\t\t\t<div class=\"elementor-widget-wrap elementor-element-populated\">\n\t\t\t\t\t\t<div class=\"elementor-element elementor-element-ad7c4f6 elementor-widget elementor-widget-image\" data-id=\"ad7c4f6\" data-element_type=\"widget\" data-e-type=\"widget\" data-widget_type=\"image.default\">\n\t\t\t\t<div class=\"elementor-widget-container\">\n\t\t\t\t\t\t\t\t\t\t\t\t\t\t\t<img fetchpriority=\"high\" decoding=\"async\" width=\"300\" height=\"200\" src=\"https:\/\/arikiapicultura.com\/wp-content\/uploads\/2026\/02\/cursovelas-300x200.png\" class=\"attachment-medium size-medium wp-image-1453\" alt=\"\" srcset=\"https:\/\/arikiapicultura.com\/wp-content\/uploads\/2026\/02\/cursovelas-300x200.png 300w, https:\/\/arikiapicultura.com\/wp-content\/uploads\/2026\/02\/cursovelas-1024x683.png 1024w, https:\/\/arikiapicultura.com\/wp-content\/uploads\/2026\/02\/cursovelas-768x512.png 768w, https:\/\/arikiapicultura.com\/wp-content\/uploads\/2026\/02\/cursovelas-600x400.png 600w, https:\/\/arikiapicultura.com\/wp-content\/uploads\/2026\/02\/cursovelas.png 1536w\" sizes=\"(max-width: 300px) 100vw, 300px\" \/>\t\t\t\t\t\t\t\t\t\t\t\t\t\t\t<\/div>\n\t\t\t\t<\/div>\n\t\t\t\t\t<\/div>\n\t\t<\/div>\n\t\t\t\t\t<\/div>\n\t\t<\/section>\n\t\t\t\t<section class=\"elementor-section elementor-top-section elementor-element elementor-element-bbae171 elementor-section-boxed elementor-section-height-default elementor-section-height-default\" data-id=\"bbae171\" data-element_type=\"section\" data-e-type=\"section\">\n\t\t\t\t\t\t<div class=\"elementor-container elementor-column-gap-default\">\n\t\t\t\t\t<div class=\"elementor-column elementor-col-100 elementor-top-column elementor-element elementor-element-838c1d4\" data-id=\"838c1d4\" data-element_type=\"column\" data-e-type=\"column\">\n\t\t\t<div class=\"elementor-widget-wrap elementor-element-populated\">\n\t\t\t\t\t\t<div class=\"elementor-element elementor-element-f208a16 elementor-widget elementor-widget-spacer\" data-id=\"f208a16\" data-element_type=\"widget\" data-e-type=\"widget\" data-widget_type=\"spacer.default\">\n\t\t\t\t<div class=\"elementor-widget-container\">\n\t\t\t\t\t\t\t<div class=\"elementor-spacer\">\n\t\t\t<div class=\"elementor-spacer-inner\"><\/div>\n\t\t<\/div>\n\t\t\t\t\t\t<\/div>\n\t\t\t\t<\/div>\n\t\t\t\t\t<\/div>\n\t\t<\/div>\n\t\t\t\t\t<\/div>\n\t\t<\/section>\n\t\t\t\t<section class=\"elementor-section elementor-top-section elementor-element elementor-element-c17cd05 elementor-section-boxed elementor-section-height-default elementor-section-height-default\" data-id=\"c17cd05\" data-element_type=\"section\" data-e-type=\"section\">\n\t\t\t\t\t\t<div class=\"elementor-container elementor-column-gap-default\">\n\t\t\t\t\t<div class=\"elementor-column elementor-col-100 elementor-top-column elementor-element elementor-element-f0b7b03\" data-id=\"f0b7b03\" data-element_type=\"column\" data-e-type=\"column\">\n\t\t\t<div class=\"elementor-widget-wrap elementor-element-populated\">\n\t\t\t\t\t\t<div class=\"elementor-element elementor-element-db30e83 elementor-widget elementor-widget-spacer\" data-id=\"db30e83\" data-element_type=\"widget\" data-e-type=\"widget\" data-widget_type=\"spacer.default\">\n\t\t\t\t<div class=\"elementor-widget-container\">\n\t\t\t\t\t\t\t<div class=\"elementor-spacer\">\n\t\t\t<div class=\"elementor-spacer-inner\"><\/div>\n\t\t<\/div>\n\t\t\t\t\t\t<\/div>\n\t\t\t\t<\/div>\n\t\t\t\t\t<\/div>\n\t\t<\/div>\n\t\t\t\t\t<\/div>\n\t\t<\/section>\n\t\t\t\t<section class=\"elementor-section elementor-top-section elementor-element elementor-element-831e7a9 elementor-section-boxed elementor-section-height-default elementor-section-height-default\" data-id=\"831e7a9\" data-element_type=\"section\" data-e-type=\"section\">\n\t\t\t\t\t\t<div class=\"elementor-container elementor-column-gap-default\">\n\t\t\t\t\t<div class=\"elementor-column elementor-col-50 elementor-top-column elementor-element elementor-element-d827cf9\" data-id=\"d827cf9\" data-element_type=\"column\" data-e-type=\"column\">\n\t\t\t<div class=\"elementor-widget-wrap elementor-element-populated\">\n\t\t\t\t\t\t<div class=\"elementor-element elementor-element-84f060c elementor-widget elementor-widget-image\" data-id=\"84f060c\" data-element_type=\"widget\" data-e-type=\"widget\" data-widget_type=\"image.default\">\n\t\t\t\t<div class=\"elementor-widget-container\">\n\t\t\t\t\t\t\t\t\t\t\t\t\t\t\t<img decoding=\"async\" width=\"640\" height=\"427\" src=\"https:\/\/arikiapicultura.com\/wp-content\/uploads\/2026\/02\/waxmelts-768x512.png\" class=\"attachment-medium_large size-medium_large wp-image-1455\" alt=\"\" srcset=\"https:\/\/arikiapicultura.com\/wp-content\/uploads\/2026\/02\/waxmelts-768x512.png 768w, https:\/\/arikiapicultura.com\/wp-content\/uploads\/2026\/02\/waxmelts-300x200.png 300w, https:\/\/arikiapicultura.com\/wp-content\/uploads\/2026\/02\/waxmelts-1024x683.png 1024w, https:\/\/arikiapicultura.com\/wp-content\/uploads\/2026\/02\/waxmelts-600x400.png 600w, https:\/\/arikiapicultura.com\/wp-content\/uploads\/2026\/02\/waxmelts.png 1536w\" sizes=\"(max-width: 640px) 100vw, 640px\" \/>\t\t\t\t\t\t\t\t\t\t\t\t\t\t\t<\/div>\n\t\t\t\t<\/div>\n\t\t\t\t\t<\/div>\n\t\t<\/div>\n\t\t\t\t<div class=\"elementor-column elementor-col-50 elementor-top-column elementor-element elementor-element-a3e25db\" data-id=\"a3e25db\" data-element_type=\"column\" data-e-type=\"column\">\n\t\t\t<div class=\"elementor-widget-wrap elementor-element-populated\">\n\t\t\t\t\t\t<div class=\"elementor-element elementor-element-c9efc17 elementor-widget elementor-widget-text-editor\" data-id=\"c9efc17\" data-element_type=\"widget\" data-e-type=\"widget\" data-widget_type=\"text-editor.default\">\n\t\t\t\t<div class=\"elementor-widget-container\">\n\t\t\t\t\t\t\t\t\t<div id=\"stage-slideover-sidebar\" class=\"border-token-border-light relative z-21 h-full shrink-0 overflow-hidden border-e max-md:hidden print:hidden\"><div class=\"relative flex h-full flex-col\"><div class=\"opacity-100 motion-safe:transition-opacity motion-safe:duration-150 motion-safe:ease-linear h-full w-(--sidebar-width) overflow-x-clip overflow-y-auto text-clip whitespace-nowrap bg-(--sidebar-bg,var(--bg-elevated-secondary))\"><span style=\"color: #767676; font-size: 0.8125rem; font-weight: 800; letter-spacing: 0.15em; text-transform: uppercase;\">Enfoque pr\u00e1ctico y artesanal<\/span><\/div><\/div><\/div><div class=\"@container\/main relative flex min-w-0 flex-1 flex-col -translate-y-[calc(env(safe-area-inset-bottom,0px)\/2)] pt-[calc(env(safe-area-inset-bottom,0px)\/2)]\"><div class=\"@w-sm\/main:[scrollbar-gutter:stable_both-edges] touch:[scrollbar-width:none] relative flex min-h-0 min-w-0 flex-1 flex-col [scrollbar-gutter:stable] not-print:overflow-x-clip not-print:overflow-y-auto scroll-pt-(--header-height) [--sticky-padding-top:var(--header-height)] has-data-[fixed-header=less-than-xl]:@w-xl\/main:scroll-pt-0 has-data-[fixed-header=less-than-xl]:@w-xl\/main:[--sticky-padding-top:0px] has-data-[fixed-header=less-than-xxl]:@w-2xl\/main:scroll-pt-0 has-data-[fixed-header=less-than-xxl]:@w-2xl\/main:[--sticky-padding-top:0px]\" data-scroll-root=\"\"><div id=\"thread\" class=\"group\/thread flex flex-col min-h-full\"><div class=\"composer-parent flex flex-1 flex-col focus-visible:outline-0\" role=\"presentation\"><div class=\"relative basis-auto flex-col -mb-(--composer-overlap-px) [--composer-overlap-px:28px] grow flex\"><div class=\"flex flex-col text-sm pb-25\"><article class=\"text-token-text-primary w-full focus:outline-none [--shadow-height:45px] has-data-writing-block:pointer-events-none has-data-writing-block:-mt-(--shadow-height) has-data-writing-block:pt-(--shadow-height) [&amp;:has([data-writing-block])&gt;*]:pointer-events-auto scroll-mt-[calc(var(--header-height)+min(200px,max(70px,20svh)))]\" dir=\"auto\" tabindex=\"-1\" data-turn-id=\"request-698af6f0-a55c-8327-b6cf-bc95b61934d8-9\" data-testid=\"conversation-turn-40\" data-scroll-anchor=\"false\" data-turn=\"assistant\"><div class=\"text-base my-auto mx-auto [--thread-content-margin:--spacing(4)] @w-sm\/main:[--thread-content-margin:--spacing(6)] @w-lg\/main:[--thread-content-margin:--spacing(16)] px-(--thread-content-margin)\"><div class=\"[--thread-content-max-width:40rem] @w-lg\/main:[--thread-content-max-width:48rem] mx-auto max-w-(--thread-content-max-width) flex-1 group\/turn-messages focus-visible:outline-hidden relative flex w-full min-w-0 flex-col agent-turn\" tabindex=\"-1\"><div class=\"flex max-w-full flex-col grow\"><div class=\"min-h-8 text-message relative flex w-full flex-col items-end gap-2 text-start break-words whitespace-normal [.text-message+&amp;]:mt-1\" dir=\"auto\" data-message-author-role=\"assistant\" data-message-id=\"6a6b1220-0346-438f-a4a0-c1ce0ca1cf70\" data-message-model-slug=\"gpt-5-2\"><div class=\"flex w-full flex-col gap-1 empty:hidden first:pt-[1px]\"><div class=\"markdown prose dark:prose-invert w-full wrap-break-word light markdown-new-styling\"><p data-start=\"1346\" data-end=\"1374\">Este no es un curso te\u00f3rico.<\/p><p data-start=\"1376\" data-end=\"1439\">Trabajamos con materias primas naturales reales, comprendiendo:<\/p><ul data-start=\"1441\" data-end=\"1614\"><li data-start=\"1441\" data-end=\"1483\"><p data-start=\"1443\" data-end=\"1483\">Las propiedades hidratantes de la miel<\/p><\/li><li data-start=\"1484\" data-end=\"1533\"><p data-start=\"1486\" data-end=\"1533\">El poder antis\u00e9ptico y reparador del prop\u00f3leo<\/p><\/li><li data-start=\"1534\" data-end=\"1581\"><p data-start=\"1536\" data-end=\"1581\">La capacidad protectora de la cera de abeja<\/p><\/li><li data-start=\"1582\" data-end=\"1614\"><p data-start=\"1584\" data-end=\"1614\">El valor nutritivo del polen<\/p><\/li><\/ul><p data-start=\"1616\" data-end=\"1677\">Aprender\u00e1s no solo a reproducir f\u00f3rmulas, sino a entenderlas.<\/p><\/div><\/div><\/div><\/div><\/div><\/div><\/article><\/div><\/div><\/div><\/div><\/div><\/div><h5>\u00bfQu\u00e9 podr\u00e1s hacer despu\u00e9s de este curso?<\/h5><ul><li>Crear velas \u00fanicas y personalizadas<\/li><li data-start=\"3142\" data-end=\"3180\">Conocimiento aplicado para emprender<\/li><li data-start=\"3185\" data-end=\"3217\">Minimizar errores<\/li><\/ul>\t\t\t\t\t\t\t\t<\/div>\n\t\t\t\t<\/div>\n\t\t\t\t\t<\/div>\n\t\t<\/div>\n\t\t\t\t\t<\/div>\n\t\t<\/section>\n\t\t\t\t<section class=\"elementor-section elementor-top-section elementor-element elementor-element-d3dc461 elementor-section-boxed elementor-section-height-default elementor-section-height-default\" data-id=\"d3dc461\" data-element_type=\"section\" data-e-type=\"section\">\n\t\t\t\t\t\t<div class=\"elementor-container elementor-column-gap-default\">\n\t\t\t\t\t<div class=\"elementor-column elementor-col-100 elementor-top-column elementor-element elementor-element-62899ed\" data-id=\"62899ed\" data-element_type=\"column\" data-e-type=\"column\">\n\t\t\t<div class=\"elementor-widget-wrap elementor-element-populated\">\n\t\t\t\t\t\t<div class=\"elementor-element elementor-element-a84aa65 elementor-widget elementor-widget-spacer\" data-id=\"a84aa65\" data-element_type=\"widget\" data-e-type=\"widget\" data-widget_type=\"spacer.default\">\n\t\t\t\t<div class=\"elementor-widget-container\">\n\t\t\t\t\t\t\t<div class=\"elementor-spacer\">\n\t\t\t<div class=\"elementor-spacer-inner\"><\/div>\n\t\t<\/div>\n\t\t\t\t\t\t<\/div>\n\t\t\t\t<\/div>\n\t\t\t\t\t<\/div>\n\t\t<\/div>\n\t\t\t\t\t<\/div>\n\t\t<\/section>\n\t\t\t\t<section class=\"elementor-section elementor-top-section elementor-element elementor-element-ae34877 elementor-section-boxed elementor-section-height-default elementor-section-height-default\" data-id=\"ae34877\" data-element_type=\"section\" data-e-type=\"section\">\n\t\t\t\t\t\t<div class=\"elementor-container elementor-column-gap-default\">\n\t\t\t\t\t<div class=\"elementor-column elementor-col-100 elementor-top-column elementor-element elementor-element-0215fe0\" data-id=\"0215fe0\" data-element_type=\"column\" data-e-type=\"column\">\n\t\t\t<div class=\"elementor-widget-wrap elementor-element-populated\">\n\t\t\t\t\t\t<div class=\"elementor-element elementor-element-28ad208 elementor-widget elementor-widget-text-editor\" data-id=\"28ad208\" data-element_type=\"widget\" data-e-type=\"widget\" data-widget_type=\"text-editor.default\">\n\t\t\t\t<div class=\"elementor-widget-container\">\n\t\t\t\t\t\t\t\t\t<p><strong style=\"color: #d99a00; font-size: 1.25rem; text-transform: capitalize; font-family: 'Merienda One', cursive;\">Informaci\u00f3n del curso<\/strong><\/p><p><strong>Duraci\u00f3n:<\/strong>\u00a05 horas<br \/><strong>Precio:<\/strong>\u00a065 \u20ac<br \/><strong>Incluye:<\/strong>\u00a0materiales y productos finalizados<\/p><h5><strong>Reserva tu plaza<\/strong><\/h5><p>Las plazas son limitadas para garantizar una experiencia pr\u00e1ctica y personalizada.<\/p>\t\t\t\t\t\t\t\t<\/div>\n\t\t\t\t<\/div>\n\t\t\t\t<div class=\"elementor-element elementor-element-6cd0865 elementor-align-center elementor-widget elementor-widget-button\" data-id=\"6cd0865\" data-element_type=\"widget\" data-e-type=\"widget\" data-widget_type=\"button.default\">\n\t\t\t\t<div class=\"elementor-widget-container\">\n\t\t\t\t\t\t\t\t\t<div class=\"elementor-button-wrapper\">\n\t\t\t\t\t<a class=\"elementor-button elementor-button-link elementor-size-sm elementor-animation-grow\" href=\"https:\/\/arikiapicultura.com\/index.php\/contacto\/\">\n\t\t\t\t\t\t<span class=\"elementor-button-content-wrapper\">\n\t\t\t\t\t\t<span class=\"elementor-button-icon\">\n\t\t\t\t<i aria-hidden=\"true\" class=\"far fa-arrow-alt-circle-right\"><\/i>\t\t\t<\/span>\n\t\t\t\t\t\t\t\t\t<span class=\"elementor-button-text\">Inscr\u00edbete Ahora<\/span>\n\t\t\t\t\t<\/span>\n\t\t\t\t\t<\/a>\n\t\t\t\t<\/div>\n\t\t\t\t\t\t\t\t<\/div>\n\t\t\t\t<\/div>\n\t\t\t\t\t<\/div>\n\t\t<\/div>\n\t\t\t\t\t<\/div>\n\t\t<\/section>\n\t\t\t\t<\/div>\n\t\t","protected":false},"excerpt":{"rendered":"<p>Curso de Velas Artesanales Aprende a crear velas \u00fanicas con cera de abeja y t\u00e9cnicas profesionales Este curso est\u00e1 dise\u00f1ado para quienes desean adentrarse en el mundo de las velas artesanales con un enfoque totalmente pr\u00e1ctico. Aprender\u00e1s t\u00e9cnicas de creaci\u00f3n, combinaciones de aromas y colores, y secretos para conseguir velas perfectas en casa o como [&hellip;]<\/p>\n","protected":false},"author":1,"featured_media":0,"parent":0,"menu_order":0,"comment_status":"closed","ping_status":"closed","template":"","meta":{"_monsterinsights_skip_tracking":false,"_monsterinsights_sitenote_active":false,"_monsterinsights_sitenote_note":"","_monsterinsights_sitenote_category":0,"_joinchat":[],"footnotes":""},"class_list":["post-1463","page","type-page","status-publish","hentry"],"aioseo_notices":[],"_links":{"self":[{"href":"https:\/\/arikiapicultura.com\/index.php\/wp-json\/wp\/v2\/pages\/1463","targetHints":{"allow":["GET"]}}],"collection":[{"href":"https:\/\/arikiapicultura.com\/index.php\/wp-json\/wp\/v2\/pages"}],"about":[{"href":"https:\/\/arikiapicultura.com\/index.php\/wp-json\/wp\/v2\/types\/page"}],"author":[{"embeddable":true,"href":"https:\/\/arikiapicultura.com\/index.php\/wp-json\/wp\/v2\/users\/1"}],"replies":[{"embeddable":true,"href":"https:\/\/arikiapicultura.com\/index.php\/wp-json\/wp\/v2\/comments?post=1463"}],"version-history":[{"count":14,"href":"https:\/\/arikiapicultura.com\/index.php\/wp-json\/wp\/v2\/pages\/1463\/revisions"}],"predecessor-version":[{"id":1479,"href":"https:\/\/arikiapicultura.com\/index.php\/wp-json\/wp\/v2\/pages\/1463\/revisions\/1479"}],"wp:attachment":[{"href":"https:\/\/arikiapicultura.com\/index.php\/wp-json\/wp\/v2\/media?parent=1463"}],"curies":[{"name":"wp","href":"https:\/\/api.w.org\/{rel}","templated":true}]}}