{"id":32,"date":"2022-03-17T18:28:39","date_gmt":"2022-03-17T17:28:39","guid":{"rendered":"http:\/\/arikiapicultura.com\/?page_id=32"},"modified":"2022-04-28T17:49:32","modified_gmt":"2022-04-28T16:49:32","slug":"conocenos","status":"publish","type":"page","link":"https:\/\/arikiapicultura.com\/index.php\/conocenos\/","title":{"rendered":"Con\u00f3cenos"},"content":{"rendered":"\t\t<div data-elementor-type=\"wp-page\" data-elementor-id=\"32\" class=\"elementor elementor-32\">\n\t\t\t\t\t\t<section class=\"elementor-section elementor-top-section elementor-element elementor-element-06f36b2 elementor-section-boxed elementor-section-height-default elementor-section-height-default\" data-id=\"06f36b2\" data-element_type=\"section\" data-e-type=\"section\">\n\t\t\t\t\t\t<div class=\"elementor-container elementor-column-gap-default\">\n\t\t\t\t\t<div class=\"elementor-column elementor-col-100 elementor-top-column elementor-element elementor-element-3a5c962\" data-id=\"3a5c962\" data-element_type=\"column\" data-e-type=\"column\">\n\t\t\t<div class=\"elementor-widget-wrap elementor-element-populated\">\n\t\t\t\t\t\t<div class=\"elementor-element elementor-element-b0fdfdb elementor-widget elementor-widget-spacer\" data-id=\"b0fdfdb\" data-element_type=\"widget\" data-e-type=\"widget\" data-widget_type=\"spacer.default\">\n\t\t\t\t<div class=\"elementor-widget-container\">\n\t\t\t\t\t\t\t<div class=\"elementor-spacer\">\n\t\t\t<div class=\"elementor-spacer-inner\"><\/div>\n\t\t<\/div>\n\t\t\t\t\t\t<\/div>\n\t\t\t\t<\/div>\n\t\t\t\t\t<\/div>\n\t\t<\/div>\n\t\t\t\t\t<\/div>\n\t\t<\/section>\n\t\t\t\t<section class=\"elementor-section elementor-top-section elementor-element elementor-element-b2fc18a elementor-section-boxed elementor-section-height-default elementor-section-height-default\" data-id=\"b2fc18a\" data-element_type=\"section\" data-e-type=\"section\">\n\t\t\t\t\t\t<div class=\"elementor-container elementor-column-gap-default\">\n\t\t\t\t\t<div class=\"elementor-column elementor-col-100 elementor-top-column elementor-element elementor-element-c7b5e38\" data-id=\"c7b5e38\" data-element_type=\"column\" data-e-type=\"column\">\n\t\t\t<div class=\"elementor-widget-wrap elementor-element-populated\">\n\t\t\t\t\t\t<div class=\"elementor-element elementor-element-e6a09fd elementor-widget elementor-widget-heading\" data-id=\"e6a09fd\" data-element_type=\"widget\" data-e-type=\"widget\" data-widget_type=\"heading.default\">\n\t\t\t\t<div class=\"elementor-widget-container\">\n\t\t\t\t\t<h1 class=\"elementor-heading-title elementor-size-default\">Con\u00f3cenos<\/h1>\t\t\t\t<\/div>\n\t\t\t\t<\/div>\n\t\t\t\t\t<\/div>\n\t\t<\/div>\n\t\t\t\t\t<\/div>\n\t\t<\/section>\n\t\t\t\t<section class=\"elementor-section elementor-top-section elementor-element elementor-element-c49459d elementor-section-boxed elementor-section-height-default elementor-section-height-default\" data-id=\"c49459d\" data-element_type=\"section\" data-e-type=\"section\">\n\t\t\t\t\t\t<div class=\"elementor-container elementor-column-gap-default\">\n\t\t\t\t\t<div class=\"elementor-column elementor-col-100 elementor-top-column elementor-element elementor-element-e51c7d8\" data-id=\"e51c7d8\" data-element_type=\"column\" data-e-type=\"column\">\n\t\t\t<div class=\"elementor-widget-wrap elementor-element-populated\">\n\t\t\t\t\t\t<div class=\"elementor-element elementor-element-d041f65 elementor-widget elementor-widget-spacer\" data-id=\"d041f65\" data-element_type=\"widget\" data-e-type=\"widget\" data-widget_type=\"spacer.default\">\n\t\t\t\t<div class=\"elementor-widget-container\">\n\t\t\t\t\t\t\t<div class=\"elementor-spacer\">\n\t\t\t<div class=\"elementor-spacer-inner\"><\/div>\n\t\t<\/div>\n\t\t\t\t\t\t<\/div>\n\t\t\t\t<\/div>\n\t\t\t\t\t<\/div>\n\t\t<\/div>\n\t\t\t\t\t<\/div>\n\t\t<\/section>\n\t\t\t\t<section class=\"elementor-section elementor-top-section elementor-element elementor-element-80120ad elementor-section-boxed elementor-section-height-default elementor-section-height-default\" data-id=\"80120ad\" data-element_type=\"section\" data-e-type=\"section\">\n\t\t\t\t\t\t<div class=\"elementor-container elementor-column-gap-default\">\n\t\t\t\t\t<div class=\"elementor-column elementor-col-100 elementor-top-column elementor-element elementor-element-d737de2\" data-id=\"d737de2\" data-element_type=\"column\" data-e-type=\"column\">\n\t\t\t<div class=\"elementor-widget-wrap elementor-element-populated\">\n\t\t\t\t\t\t<div class=\"elementor-element elementor-element-2c7a0e0 elementor-tabs-view-vertical elementor-widget elementor-widget-tabs\" data-id=\"2c7a0e0\" data-element_type=\"widget\" data-e-type=\"widget\" data-widget_type=\"tabs.default\">\n\t\t\t\t<div class=\"elementor-widget-container\">\n\t\t\t\t\t\t\t<div class=\"elementor-tabs\">\n\t\t\t<div class=\"elementor-tabs-wrapper\" role=\"tablist\" >\n\t\t\t\t\t\t\t\t\t<div id=\"elementor-tab-title-4661\" class=\"elementor-tab-title elementor-tab-desktop-title\" aria-selected=\"true\" data-tab=\"1\" role=\"tab\" tabindex=\"0\" aria-controls=\"elementor-tab-content-4661\" aria-expanded=\"false\">Nuestro Proyecto<\/div>\n\t\t\t\t\t\t\t\t\t<div id=\"elementor-tab-title-4662\" class=\"elementor-tab-title elementor-tab-desktop-title\" aria-selected=\"false\" data-tab=\"2\" role=\"tab\" tabindex=\"-1\" aria-controls=\"elementor-tab-content-4662\" aria-expanded=\"false\">Entorno<\/div>\n\t\t\t\t\t\t\t\t\t<div id=\"elementor-tab-title-4663\" class=\"elementor-tab-title elementor-tab-desktop-title\" aria-selected=\"false\" data-tab=\"3\" role=\"tab\" tabindex=\"-1\" aria-controls=\"elementor-tab-content-4663\" aria-expanded=\"false\">Nosotros<\/div>\n\t\t\t\t\t\t\t<\/div>\n\t\t\t<div class=\"elementor-tabs-content-wrapper\" role=\"tablist\" aria-orientation=\"vertical\">\n\t\t\t\t\t\t\t\t\t<div class=\"elementor-tab-title elementor-tab-mobile-title\" aria-selected=\"true\" data-tab=\"1\" role=\"tab\" tabindex=\"0\" aria-controls=\"elementor-tab-content-4661\" aria-expanded=\"false\">Nuestro Proyecto<\/div>\n\t\t\t\t\t<div id=\"elementor-tab-content-4661\" class=\"elementor-tab-content elementor-clearfix\" data-tab=\"1\" role=\"tabpanel\" aria-labelledby=\"elementor-tab-title-4661\" tabindex=\"0\" hidden=\"false\"><p>Ven a disfrutar con nosotros de una experiencia \u00fanica como es el apiturismo. Podr\u00e1s disfrutar de un d\u00eda en contacto con la naturaleza y aprender sobre el fascinante mundo de las abejas. Comprobar\u00e1s en primera persona que significa ser apicultor.\u00a0\u00a0<\/p><p>Tambi\u00e9n podr\u00e1s disfrutar de nuestra oferta gastron\u00f3mica a trav\u00e9s de nuestras catas de miel. No s\u00f3lo podr\u00e1s disfrutar de la miel, sino que podr\u00e1s maridarla con otros productos como pan, infusiones o queso.<\/p><p>Podr\u00e1s explorar tu lado m\u00e1s creativo con nuestros talleres con productos de la colmena: elaboraci\u00f3n de velas, elaboraci\u00f3n de velas arom\u00e1ticas, elaboraci\u00f3n de b\u00e1lsamo labial con miel o elaboraci\u00f3n de ung\u00fcento con prop\u00f3leo.<\/p><p>Tambi\u00e9n contamos con talleres m\u00e1s extensos como son nuestro taller de cosm\u00e9tica ap\u00edcola y nuestro monogr\u00e1fico de usos de la cera de abeja.<\/p><p>En la actualidad disponemos de dos asentamientos ap\u00edcolas en los que desarrollar nuestras actividades, en las que disfrutar\u00e1s de las experiencias que ofrecemos.<\/p><p><img fetchpriority=\"high\" decoding=\"async\" class=\"alignnone wp-image-649\" src=\"http:\/\/arikiapicultura.com\/wp-content\/uploads\/2022\/04\/proyecto3-298x300.jpg\" alt=\"\" width=\"250\" height=\"252\" srcset=\"https:\/\/arikiapicultura.com\/wp-content\/uploads\/2022\/04\/proyecto3-298x300.jpg 298w, https:\/\/arikiapicultura.com\/wp-content\/uploads\/2022\/04\/proyecto3-100x100.jpg 100w, https:\/\/arikiapicultura.com\/wp-content\/uploads\/2022\/04\/proyecto3-600x605.jpg 600w, https:\/\/arikiapicultura.com\/wp-content\/uploads\/2022\/04\/proyecto3-1016x1024.jpg 1016w, https:\/\/arikiapicultura.com\/wp-content\/uploads\/2022\/04\/proyecto3-150x150.jpg 150w, https:\/\/arikiapicultura.com\/wp-content\/uploads\/2022\/04\/proyecto3-768x774.jpg 768w, https:\/\/arikiapicultura.com\/wp-content\/uploads\/2022\/04\/proyecto3-1524x1536.jpg 1524w, https:\/\/arikiapicultura.com\/wp-content\/uploads\/2022\/04\/proyecto3.jpg 1850w\" sizes=\"(max-width: 250px) 100vw, 250px\" \/> <img decoding=\"async\" class=\"alignnone wp-image-647\" src=\"http:\/\/arikiapicultura.com\/wp-content\/uploads\/2022\/04\/proyecto1-298x300.jpg\" alt=\"\" width=\"250\" height=\"252\" srcset=\"https:\/\/arikiapicultura.com\/wp-content\/uploads\/2022\/04\/proyecto1-298x300.jpg 298w, https:\/\/arikiapicultura.com\/wp-content\/uploads\/2022\/04\/proyecto1-100x100.jpg 100w, https:\/\/arikiapicultura.com\/wp-content\/uploads\/2022\/04\/proyecto1-600x605.jpg 600w, https:\/\/arikiapicultura.com\/wp-content\/uploads\/2022\/04\/proyecto1-1016x1024.jpg 1016w, https:\/\/arikiapicultura.com\/wp-content\/uploads\/2022\/04\/proyecto1-150x150.jpg 150w, https:\/\/arikiapicultura.com\/wp-content\/uploads\/2022\/04\/proyecto1-768x774.jpg 768w, https:\/\/arikiapicultura.com\/wp-content\/uploads\/2022\/04\/proyecto1-1524x1536.jpg 1524w, https:\/\/arikiapicultura.com\/wp-content\/uploads\/2022\/04\/proyecto1.jpg 1850w\" sizes=\"(max-width: 250px) 100vw, 250px\" \/><img decoding=\"async\" class=\"alignnone wp-image-648\" src=\"http:\/\/arikiapicultura.com\/wp-content\/uploads\/2022\/04\/proyecto2-298x300.jpg\" alt=\"\" width=\"250\" height=\"252\" srcset=\"https:\/\/arikiapicultura.com\/wp-content\/uploads\/2022\/04\/proyecto2-298x300.jpg 298w, https:\/\/arikiapicultura.com\/wp-content\/uploads\/2022\/04\/proyecto2-100x100.jpg 100w, https:\/\/arikiapicultura.com\/wp-content\/uploads\/2022\/04\/proyecto2-600x605.jpg 600w, https:\/\/arikiapicultura.com\/wp-content\/uploads\/2022\/04\/proyecto2-1016x1024.jpg 1016w, https:\/\/arikiapicultura.com\/wp-content\/uploads\/2022\/04\/proyecto2-150x150.jpg 150w, https:\/\/arikiapicultura.com\/wp-content\/uploads\/2022\/04\/proyecto2-768x774.jpg 768w, https:\/\/arikiapicultura.com\/wp-content\/uploads\/2022\/04\/proyecto2-1524x1536.jpg 1524w, https:\/\/arikiapicultura.com\/wp-content\/uploads\/2022\/04\/proyecto2.jpg 1850w\" sizes=\"(max-width: 250px) 100vw, 250px\" \/><\/p><\/div>\n\t\t\t\t\t\t\t\t\t<div class=\"elementor-tab-title elementor-tab-mobile-title\" aria-selected=\"false\" data-tab=\"2\" role=\"tab\" tabindex=\"-1\" aria-controls=\"elementor-tab-content-4662\" aria-expanded=\"false\">Entorno<\/div>\n\t\t\t\t\t<div id=\"elementor-tab-content-4662\" class=\"elementor-tab-content elementor-clearfix\" data-tab=\"2\" role=\"tabpanel\" aria-labelledby=\"elementor-tab-title-4662\" tabindex=\"0\" hidden=\"hidden\"><p>En un entrono \u00fanico en plena Sierra Norte de Madrid, entre sierras y pantanos, se encuentran nuestros colmenares.<\/p><p>En el municipio de Puentes Viejas, a pocos kil\u00f3metros de Madrid.<\/p><p>Los embalses m\u00e1s cercanos a nuestros colmenares son Puentes Viejas y El Villar, importantes fuentes de agua para Madrid y para nuestras abejas.<\/p><p>Nuestras peque\u00f1as abejas se alimentan sobre todo de cantueso, tomillo, encina y roble. Tambi\u00e9n encuentran a su alcance rosales silvestres, retama, jara y enebro.<\/p><div class=\"row\"><span style=\"font-size: 1rem;\">\u00a0 \u00a0 \u00a0<img loading=\"lazy\" decoding=\"async\" class=\"alignnone wp-image-646\" src=\"http:\/\/arikiapicultura.com\/wp-content\/uploads\/2022\/04\/entorno3-1-150x150.jpg\" alt=\"\" width=\"250\" height=\"252\" srcset=\"https:\/\/arikiapicultura.com\/wp-content\/uploads\/2022\/04\/entorno3-1-150x150.jpg 150w, https:\/\/arikiapicultura.com\/wp-content\/uploads\/2022\/04\/entorno3-1-100x100.jpg 100w, https:\/\/arikiapicultura.com\/wp-content\/uploads\/2022\/04\/entorno3-1-600x605.jpg 600w, https:\/\/arikiapicultura.com\/wp-content\/uploads\/2022\/04\/entorno3-1-298x300.jpg 298w, https:\/\/arikiapicultura.com\/wp-content\/uploads\/2022\/04\/entorno3-1-1016x1024.jpg 1016w, https:\/\/arikiapicultura.com\/wp-content\/uploads\/2022\/04\/entorno3-1-768x774.jpg 768w, https:\/\/arikiapicultura.com\/wp-content\/uploads\/2022\/04\/entorno3-1-1524x1536.jpg 1524w, https:\/\/arikiapicultura.com\/wp-content\/uploads\/2022\/04\/entorno3-1.jpg 1850w\" sizes=\"(max-width: 250px) 100vw, 250px\" \/> <img loading=\"lazy\" decoding=\"async\" class=\"alignnone wp-image-645\" src=\"http:\/\/arikiapicultura.com\/wp-content\/uploads\/2022\/04\/entorno2-1-150x150.jpg\" alt=\"\" width=\"250\" height=\"252\" srcset=\"https:\/\/arikiapicultura.com\/wp-content\/uploads\/2022\/04\/entorno2-1-150x150.jpg 150w, https:\/\/arikiapicultura.com\/wp-content\/uploads\/2022\/04\/entorno2-1-100x100.jpg 100w, https:\/\/arikiapicultura.com\/wp-content\/uploads\/2022\/04\/entorno2-1-600x605.jpg 600w, https:\/\/arikiapicultura.com\/wp-content\/uploads\/2022\/04\/entorno2-1-298x300.jpg 298w, https:\/\/arikiapicultura.com\/wp-content\/uploads\/2022\/04\/entorno2-1-1016x1024.jpg 1016w, https:\/\/arikiapicultura.com\/wp-content\/uploads\/2022\/04\/entorno2-1-768x774.jpg 768w, https:\/\/arikiapicultura.com\/wp-content\/uploads\/2022\/04\/entorno2-1-1524x1536.jpg 1524w, https:\/\/arikiapicultura.com\/wp-content\/uploads\/2022\/04\/entorno2-1.jpg 1850w\" sizes=\"(max-width: 250px) 100vw, 250px\" \/> <img loading=\"lazy\" decoding=\"async\" class=\"alignnone wp-image-644\" src=\"http:\/\/arikiapicultura.com\/wp-content\/uploads\/2022\/04\/entorno-1-150x150.jpg\" alt=\"\" width=\"250\" height=\"252\" srcset=\"https:\/\/arikiapicultura.com\/wp-content\/uploads\/2022\/04\/entorno-1-150x150.jpg 150w, https:\/\/arikiapicultura.com\/wp-content\/uploads\/2022\/04\/entorno-1-100x100.jpg 100w, https:\/\/arikiapicultura.com\/wp-content\/uploads\/2022\/04\/entorno-1-600x605.jpg 600w, https:\/\/arikiapicultura.com\/wp-content\/uploads\/2022\/04\/entorno-1-298x300.jpg 298w, https:\/\/arikiapicultura.com\/wp-content\/uploads\/2022\/04\/entorno-1-1016x1024.jpg 1016w, https:\/\/arikiapicultura.com\/wp-content\/uploads\/2022\/04\/entorno-1-768x774.jpg 768w, https:\/\/arikiapicultura.com\/wp-content\/uploads\/2022\/04\/entorno-1-1524x1536.jpg 1524w, https:\/\/arikiapicultura.com\/wp-content\/uploads\/2022\/04\/entorno-1.jpg 1850w\" sizes=\"(max-width: 250px) 100vw, 250px\" \/><\/span><\/div><p>\u00a0<\/p><\/div>\n\t\t\t\t\t\t\t\t\t<div class=\"elementor-tab-title elementor-tab-mobile-title\" aria-selected=\"false\" data-tab=\"3\" role=\"tab\" tabindex=\"-1\" aria-controls=\"elementor-tab-content-4663\" aria-expanded=\"false\">Nosotros<\/div>\n\t\t\t\t\t<div id=\"elementor-tab-content-4663\" class=\"elementor-tab-content elementor-clearfix\" data-tab=\"3\" role=\"tabpanel\" aria-labelledby=\"elementor-tab-title-4663\" tabindex=\"0\" hidden=\"hidden\"><p>Ariki Apicultura somos B\u00e1rbara y David, dos aficionados apasionados por el mundo de las abejas.\u00a0\u00a0Nuestra gran pasi\u00f3n por la apicultura nos ha llevado a formarnos durante a\u00f1os para poder llegar a crear este gran proyecto.\u00a0 La base de nuestro trabajo es el cuidado y protecci\u00f3n de las abejas por lo que tratamos con ellas de la forma m\u00e1s respetuosa que conocemos, la apicultura ecol\u00f3gica.<\/p><p>Nuestro inter\u00e9s en el mundo de las abejas tambi\u00e9n tiene un componente de tradici\u00f3n familiar ya que nuestros abuelos ya se dedicaban a este oficio. Por este motivo procuramos que nuestros hijos, Ariadna y Kilian, tambi\u00e9n sean parte de este proyecto.<\/p><p>Estamos convencidos de que vivimos en un entorno privilegiado y por eso a trav\u00e9s de nuestro proyecto queremos impulsar el desarrollo del medio rural as\u00ed como conservar y recuperar las tradiciones de la Sierra Norte de Madrid.<\/p><\/div>\n\t\t\t\t\t\t\t<\/div>\n\t\t<\/div>\n\t\t\t\t\t\t<\/div>\n\t\t\t\t<\/div>\n\t\t\t\t\t<\/div>\n\t\t<\/div>\n\t\t\t\t\t<\/div>\n\t\t<\/section>\n\t\t\t\t<\/div>\n\t\t","protected":false},"excerpt":{"rendered":"<p>Con\u00f3cenos Nuestro Proyecto Entorno Nosotros Nuestro Proyecto Ven a disfrutar con nosotros de una experiencia \u00fanica como es el apiturismo. Podr\u00e1s disfrutar de un d\u00eda en contacto con la naturaleza y aprender sobre el fascinante mundo de las abejas. Comprobar\u00e1s en primera persona que significa ser apicultor.\u00a0\u00a0 Tambi\u00e9n podr\u00e1s disfrutar de nuestra oferta gastron\u00f3mica a [&hellip;]<\/p>\n","protected":false},"author":1,"featured_media":0,"parent":0,"menu_order":0,"comment_status":"closed","ping_status":"closed","template":"","meta":{"_monsterinsights_skip_tracking":false,"_monsterinsights_sitenote_active":false,"_monsterinsights_sitenote_note":"","_monsterinsights_sitenote_category":0,"_joinchat":[],"footnotes":""},"class_list":["post-32","page","type-page","status-publish","hentry"],"aioseo_notices":[],"_links":{"self":[{"href":"https:\/\/arikiapicultura.com\/index.php\/wp-json\/wp\/v2\/pages\/32","targetHints":{"allow":["GET"]}}],"collection":[{"href":"https:\/\/arikiapicultura.com\/index.php\/wp-json\/wp\/v2\/pages"}],"about":[{"href":"https:\/\/arikiapicultura.com\/index.php\/wp-json\/wp\/v2\/types\/page"}],"author":[{"embeddable":true,"href":"https:\/\/arikiapicultura.com\/index.php\/wp-json\/wp\/v2\/users\/1"}],"replies":[{"embeddable":true,"href":"https:\/\/arikiapicultura.com\/index.php\/wp-json\/wp\/v2\/comments?post=32"}],"version-history":[{"count":44,"href":"https:\/\/arikiapicultura.com\/index.php\/wp-json\/wp\/v2\/pages\/32\/revisions"}],"predecessor-version":[{"id":655,"href":"https:\/\/arikiapicultura.com\/index.php\/wp-json\/wp\/v2\/pages\/32\/revisions\/655"}],"wp:attachment":[{"href":"https:\/\/arikiapicultura.com\/index.php\/wp-json\/wp\/v2\/media?parent=32"}],"curies":[{"name":"wp","href":"https:\/\/api.w.org\/{rel}","templated":true}]}}