{"id":835,"date":"2025-01-28T13:11:14","date_gmt":"2025-01-28T12:11:14","guid":{"rendered":"https:\/\/arikiapicultura.com\/?page_id=835"},"modified":"2025-06-01T13:11:30","modified_gmt":"2025-06-01T12:11:30","slug":"cata-de-miel","status":"publish","type":"page","link":"https:\/\/arikiapicultura.com\/index.php\/cata-de-miel\/","title":{"rendered":"Cata de Miel"},"content":{"rendered":"\t\t<div data-elementor-type=\"wp-page\" data-elementor-id=\"835\" class=\"elementor elementor-835\">\n\t\t\t\t\t\t<section class=\"elementor-section elementor-top-section elementor-element elementor-element-90e787b elementor-section-boxed elementor-section-height-default elementor-section-height-default\" data-id=\"90e787b\" data-element_type=\"section\" data-e-type=\"section\">\n\t\t\t\t\t\t<div class=\"elementor-container elementor-column-gap-default\">\n\t\t\t\t\t<div class=\"elementor-column elementor-col-100 elementor-top-column elementor-element elementor-element-1bc4afd\" data-id=\"1bc4afd\" data-element_type=\"column\" data-e-type=\"column\">\n\t\t\t<div class=\"elementor-widget-wrap elementor-element-populated\">\n\t\t\t\t\t\t<div class=\"elementor-element elementor-element-c130a42 elementor-widget elementor-widget-spacer\" data-id=\"c130a42\" data-element_type=\"widget\" data-e-type=\"widget\" data-widget_type=\"spacer.default\">\n\t\t\t\t<div class=\"elementor-widget-container\">\n\t\t\t\t\t\t\t<div class=\"elementor-spacer\">\n\t\t\t<div class=\"elementor-spacer-inner\"><\/div>\n\t\t<\/div>\n\t\t\t\t\t\t<\/div>\n\t\t\t\t<\/div>\n\t\t\t\t\t<\/div>\n\t\t<\/div>\n\t\t\t\t\t<\/div>\n\t\t<\/section>\n\t\t\t\t<section class=\"elementor-section elementor-top-section elementor-element elementor-element-35b8027 elementor-section-boxed elementor-section-height-default elementor-section-height-default\" data-id=\"35b8027\" data-element_type=\"section\" data-e-type=\"section\">\n\t\t\t\t\t\t<div class=\"elementor-container elementor-column-gap-default\">\n\t\t\t\t\t<div class=\"elementor-column elementor-col-100 elementor-top-column elementor-element elementor-element-0fac19f\" data-id=\"0fac19f\" data-element_type=\"column\" data-e-type=\"column\">\n\t\t\t<div class=\"elementor-widget-wrap elementor-element-populated\">\n\t\t\t\t\t\t<div class=\"elementor-element elementor-element-f1b4020 elementor-widget elementor-widget-heading\" data-id=\"f1b4020\" data-element_type=\"widget\" data-e-type=\"widget\" data-widget_type=\"heading.default\">\n\t\t\t\t<div class=\"elementor-widget-container\">\n\t\t\t\t\t<h2 class=\"elementor-heading-title elementor-size-default\">Cata de Miel<\/h2>\t\t\t\t<\/div>\n\t\t\t\t<\/div>\n\t\t\t\t\t<\/div>\n\t\t<\/div>\n\t\t\t\t\t<\/div>\n\t\t<\/section>\n\t\t\t\t<section class=\"elementor-section elementor-top-section elementor-element elementor-element-9f09b4e elementor-section-boxed elementor-section-height-default elementor-section-height-default\" data-id=\"9f09b4e\" data-element_type=\"section\" data-e-type=\"section\">\n\t\t\t\t\t\t<div class=\"elementor-container elementor-column-gap-default\">\n\t\t\t\t\t<div class=\"elementor-column elementor-col-100 elementor-top-column elementor-element elementor-element-dd20dc9\" data-id=\"dd20dc9\" data-element_type=\"column\" data-e-type=\"column\">\n\t\t\t<div class=\"elementor-widget-wrap elementor-element-populated\">\n\t\t\t\t\t\t<div class=\"elementor-element elementor-element-f2d2ad7 elementor-widget elementor-widget-spacer\" data-id=\"f2d2ad7\" data-element_type=\"widget\" data-e-type=\"widget\" data-widget_type=\"spacer.default\">\n\t\t\t\t<div class=\"elementor-widget-container\">\n\t\t\t\t\t\t\t<div class=\"elementor-spacer\">\n\t\t\t<div class=\"elementor-spacer-inner\"><\/div>\n\t\t<\/div>\n\t\t\t\t\t\t<\/div>\n\t\t\t\t<\/div>\n\t\t\t\t\t<\/div>\n\t\t<\/div>\n\t\t\t\t\t<\/div>\n\t\t<\/section>\n\t\t\t\t<section class=\"elementor-section elementor-top-section elementor-element elementor-element-4880c25 elementor-section-boxed elementor-section-height-default elementor-section-height-default\" data-id=\"4880c25\" data-element_type=\"section\" data-e-type=\"section\">\n\t\t\t\t\t\t<div class=\"elementor-container elementor-column-gap-default\">\n\t\t\t\t\t<div class=\"elementor-column elementor-col-50 elementor-top-column elementor-element elementor-element-0b27676\" data-id=\"0b27676\" data-element_type=\"column\" data-e-type=\"column\">\n\t\t\t<div class=\"elementor-widget-wrap elementor-element-populated\">\n\t\t\t\t\t\t<div class=\"elementor-element elementor-element-cad6c4f elementor-widget elementor-widget-text-editor\" data-id=\"cad6c4f\" data-element_type=\"widget\" data-e-type=\"widget\" data-widget_type=\"text-editor.default\">\n\t\t\t\t<div class=\"elementor-widget-container\">\n\t\t\t\t\t\t\t\t\t<p>A trav\u00e9s de esta experiencia \u00fanica podr\u00e1s descubrir la diversidad de sabores y de aromas que ofrece la miel. Al igual que con el vino o el aceite de oliva, la miel puede variar significativamente seg\u00fan la floraci\u00f3n, el clima y las t\u00e9cnicas de producci\u00f3n, lo que convierte cada variedad en un tesoro \u00fanico.<\/p>\n\n<p>En nuestra cata de miel, aprender\u00e1s a diferenciar los distintos tipos de miel, desde las m\u00e1s suaves y florales hasta las m\u00e1s intensas y robustas. Guiados por expertos apicultores, explorar\u00e1s las caracter\u00edsticas organol\u00e9pticas de cada variedad, como su color, aroma, sabor, textura y despu\u00e9s de gusto. Te sorprender\u00e1s al descubrir c\u00f3mo factores como la ubicaci\u00f3n de las colmenas o la temporada de cosecha influyen en cada una de las mieles.<\/p>\n\n<p>Ubicaci\u00f3n: en nuestras instalaciones o nos desplazamos donde t\u00fa nos indiques.<\/p>\n\n<p>Duraci\u00f3n de la cata: 1 hora.<\/p>\t\t\t\t\t\t\t\t<\/div>\n\t\t\t\t<\/div>\n\t\t\t\t\t<\/div>\n\t\t<\/div>\n\t\t\t\t<div class=\"elementor-column elementor-col-50 elementor-top-column elementor-element elementor-element-e5e0ce2\" data-id=\"e5e0ce2\" data-element_type=\"column\" data-e-type=\"column\">\n\t\t\t<div class=\"elementor-widget-wrap elementor-element-populated\">\n\t\t\t\t\t\t<div class=\"elementor-element elementor-element-486e48f elementor-widget elementor-widget-image\" data-id=\"486e48f\" data-element_type=\"widget\" data-e-type=\"widget\" data-widget_type=\"image.default\">\n\t\t\t\t<div class=\"elementor-widget-container\">\n\t\t\t\t\t\t\t\t\t\t\t\t\t\t\t<img fetchpriority=\"high\" decoding=\"async\" width=\"640\" height=\"425\" src=\"https:\/\/arikiapicultura.com\/wp-content\/uploads\/2022\/03\/06-03-22-012-1024x680.jpg\" class=\"attachment-large size-large wp-image-61\" alt=\"cata de miel\" srcset=\"https:\/\/arikiapicultura.com\/wp-content\/uploads\/2022\/03\/06-03-22-012-1024x680.jpg 1024w, https:\/\/arikiapicultura.com\/wp-content\/uploads\/2022\/03\/06-03-22-012-scaled-600x398.jpg 600w, https:\/\/arikiapicultura.com\/wp-content\/uploads\/2022\/03\/06-03-22-012-300x199.jpg 300w, https:\/\/arikiapicultura.com\/wp-content\/uploads\/2022\/03\/06-03-22-012-768x510.jpg 768w, https:\/\/arikiapicultura.com\/wp-content\/uploads\/2022\/03\/06-03-22-012-1536x1020.jpg 1536w, https:\/\/arikiapicultura.com\/wp-content\/uploads\/2022\/03\/06-03-22-012-2048x1360.jpg 2048w\" sizes=\"(max-width: 640px) 100vw, 640px\" \/>\t\t\t\t\t\t\t\t\t\t\t\t\t\t\t<\/div>\n\t\t\t\t<\/div>\n\t\t\t\t\t<\/div>\n\t\t<\/div>\n\t\t\t\t\t<\/div>\n\t\t<\/section>\n\t\t\t\t<section class=\"elementor-section elementor-top-section elementor-element elementor-element-06a10eb elementor-section-boxed elementor-section-height-default elementor-section-height-default\" data-id=\"06a10eb\" data-element_type=\"section\" data-e-type=\"section\">\n\t\t\t\t\t\t<div class=\"elementor-container elementor-column-gap-default\">\n\t\t\t\t\t<div class=\"elementor-column elementor-col-100 elementor-top-column elementor-element elementor-element-9d6e04e\" data-id=\"9d6e04e\" data-element_type=\"column\" data-e-type=\"column\">\n\t\t\t<div class=\"elementor-widget-wrap elementor-element-populated\">\n\t\t\t\t\t\t<div class=\"elementor-element elementor-element-6284ceb elementor-widget elementor-widget-spacer\" data-id=\"6284ceb\" data-element_type=\"widget\" data-e-type=\"widget\" data-widget_type=\"spacer.default\">\n\t\t\t\t<div class=\"elementor-widget-container\">\n\t\t\t\t\t\t\t<div class=\"elementor-spacer\">\n\t\t\t<div class=\"elementor-spacer-inner\"><\/div>\n\t\t<\/div>\n\t\t\t\t\t\t<\/div>\n\t\t\t\t<\/div>\n\t\t\t\t\t<\/div>\n\t\t<\/div>\n\t\t\t\t\t<\/div>\n\t\t<\/section>\n\t\t\t\t<section class=\"elementor-section elementor-top-section elementor-element elementor-element-0647021 elementor-section-boxed elementor-section-height-default elementor-section-height-default\" data-id=\"0647021\" data-element_type=\"section\" data-e-type=\"section\">\n\t\t\t\t\t\t<div class=\"elementor-container elementor-column-gap-default\">\n\t\t\t\t\t<div class=\"elementor-column elementor-col-50 elementor-top-column elementor-element elementor-element-9dee2a8\" data-id=\"9dee2a8\" data-element_type=\"column\" data-e-type=\"column\">\n\t\t\t<div class=\"elementor-widget-wrap elementor-element-populated\">\n\t\t\t\t\t\t<div class=\"elementor-element elementor-element-30b1b4d elementor-widget elementor-widget-image\" data-id=\"30b1b4d\" data-element_type=\"widget\" data-e-type=\"widget\" data-widget_type=\"image.default\">\n\t\t\t\t<div class=\"elementor-widget-container\">\n\t\t\t\t\t\t\t\t\t\t\t\t\t\t\t<img decoding=\"async\" width=\"640\" height=\"480\" src=\"https:\/\/arikiapicultura.com\/wp-content\/uploads\/2025\/06\/5mieles-1024x768.jpg\" class=\"attachment-large size-large wp-image-907\" alt=\"Cinco variedades de miel\" srcset=\"https:\/\/arikiapicultura.com\/wp-content\/uploads\/2025\/06\/5mieles-1024x768.jpg 1024w, https:\/\/arikiapicultura.com\/wp-content\/uploads\/2025\/06\/5mieles-600x450.jpg 600w, https:\/\/arikiapicultura.com\/wp-content\/uploads\/2025\/06\/5mieles-300x225.jpg 300w, https:\/\/arikiapicultura.com\/wp-content\/uploads\/2025\/06\/5mieles-768x576.jpg 768w, https:\/\/arikiapicultura.com\/wp-content\/uploads\/2025\/06\/5mieles-1536x1152.jpg 1536w, https:\/\/arikiapicultura.com\/wp-content\/uploads\/2025\/06\/5mieles.jpg 1600w\" sizes=\"(max-width: 640px) 100vw, 640px\" \/>\t\t\t\t\t\t\t\t\t\t\t\t\t\t\t<\/div>\n\t\t\t\t<\/div>\n\t\t\t\t\t<\/div>\n\t\t<\/div>\n\t\t\t\t<div class=\"elementor-column elementor-col-50 elementor-top-column elementor-element elementor-element-5c7c7a5\" data-id=\"5c7c7a5\" data-element_type=\"column\" data-e-type=\"column\">\n\t\t\t<div class=\"elementor-widget-wrap elementor-element-populated\">\n\t\t\t\t\t\t<div class=\"elementor-element elementor-element-dbc8bc4 elementor-widget elementor-widget-text-editor\" data-id=\"dbc8bc4\" data-element_type=\"widget\" data-e-type=\"widget\" data-widget_type=\"text-editor.default\">\n\t\t\t\t<div class=\"elementor-widget-container\">\n\t\t\t\t\t\t\t\t\t<p><\/p>\n<p>Durante esta experiencia, tambi\u00e9n te brindaremos informaci\u00f3n sobre el proceso de producci\u00f3n, la importancia de la polinizaci\u00f3n y los beneficios de consumir miel natural. Adem\u00e1s, podr\u00e1s conocer el trabajo vital que los apicultores realizan para preservar la biodiversidad y garantizar la calidad de cada frasco de miel.<\/p>\n<p>Para que la experiencia sea completa las catas de miel se podr\u00e1n realizar junto a una de nuestras colmenas de observaci\u00f3n. De este modo podr\u00e1s ver a nuestras peque\u00f1as abejas de forma totalmente segura.&nbsp;<\/p>\t\t\t\t\t\t\t\t<\/div>\n\t\t\t\t<\/div>\n\t\t\t\t\t<\/div>\n\t\t<\/div>\n\t\t\t\t\t<\/div>\n\t\t<\/section>\n\t\t\t\t<section class=\"elementor-section elementor-top-section elementor-element elementor-element-002fae5 elementor-section-boxed elementor-section-height-default elementor-section-height-default\" data-id=\"002fae5\" data-element_type=\"section\" data-e-type=\"section\">\n\t\t\t\t\t\t<div class=\"elementor-container elementor-column-gap-default\">\n\t\t\t\t\t<div class=\"elementor-column elementor-col-100 elementor-top-column elementor-element elementor-element-fe63d64\" data-id=\"fe63d64\" data-element_type=\"column\" data-e-type=\"column\">\n\t\t\t<div class=\"elementor-widget-wrap elementor-element-populated\">\n\t\t\t\t\t\t<div class=\"elementor-element elementor-element-b98a0ae elementor-widget elementor-widget-spacer\" data-id=\"b98a0ae\" data-element_type=\"widget\" data-e-type=\"widget\" data-widget_type=\"spacer.default\">\n\t\t\t\t<div class=\"elementor-widget-container\">\n\t\t\t\t\t\t\t<div class=\"elementor-spacer\">\n\t\t\t<div class=\"elementor-spacer-inner\"><\/div>\n\t\t<\/div>\n\t\t\t\t\t\t<\/div>\n\t\t\t\t<\/div>\n\t\t\t\t\t<\/div>\n\t\t<\/div>\n\t\t\t\t\t<\/div>\n\t\t<\/section>\n\t\t\t\t<section class=\"elementor-section elementor-top-section elementor-element elementor-element-4749698 elementor-section-boxed elementor-section-height-default elementor-section-height-default\" data-id=\"4749698\" data-element_type=\"section\" data-e-type=\"section\">\n\t\t\t\t\t\t<div class=\"elementor-container elementor-column-gap-default\">\n\t\t\t\t\t<div class=\"elementor-column elementor-col-16 elementor-top-column elementor-element elementor-element-0e6f0ce\" data-id=\"0e6f0ce\" data-element_type=\"column\" data-e-type=\"column\">\n\t\t\t<div class=\"elementor-widget-wrap\">\n\t\t\t\t\t\t\t<\/div>\n\t\t<\/div>\n\t\t\t\t<div class=\"elementor-column elementor-col-66 elementor-top-column elementor-element elementor-element-9164576\" data-id=\"9164576\" data-element_type=\"column\" data-e-type=\"column\">\n\t\t\t<div class=\"elementor-widget-wrap elementor-element-populated\">\n\t\t\t\t\t\t<div class=\"elementor-element elementor-element-7785065 elementor-widget elementor-widget-html\" data-id=\"7785065\" data-element_type=\"widget\" data-e-type=\"widget\" data-widget_type=\"html.default\">\n\t\t\t\t<div class=\"elementor-widget-container\">\n\t\t\t\t\t<div class=\"row\">\n    <div class=\"col-6\"><p><b>Cata productos de la colmena<\/b><\/p><\/div>\n    <div class=\"col-6\"><p><b>25\u20ac \/ persona<\/b><\/p><\/div>\n<\/div>\n<div class=\"row\">\n    <div class=\"col-6\"><p><b>Cata de miel 5 variedades + polen<\/b><\/p><\/div>\n    <div class=\"col-6\"><p><b>14\u20ac \/ persona<\/b><\/p><\/div>\n<\/div>\n<div class=\"row\">\n    <div class=\"col-6\"><p><b>Cata de miel 5 variedades<\/b><\/p><\/div>\n    <div class=\"col-6\"><p><b>12\u20ac \/ persona<\/b><\/p><\/div>\n<\/div>\n<div class=\"row\">\n    <div class=\"col-6\"><p><b>Cata de miel 4 variedades<\/b><\/p><\/div>\n    <div class=\"col-6\"><p><b>10\u20ac \/ persona<\/b><\/p><\/div>\n<\/div>\n<div class=\"row\">\n    <div class=\"col-6\"><p><b>Cata de miel 3 variedades<\/b><\/p><\/div>\n    <div class=\"col-6\"><p><b>8\u20ac \/ persona<\/b><\/p><\/div>\n<\/div>\t\t\t\t<\/div>\n\t\t\t\t<\/div>\n\t\t\t\t\t<\/div>\n\t\t<\/div>\n\t\t\t\t<div class=\"elementor-column elementor-col-16 elementor-top-column elementor-element elementor-element-bd8f000\" data-id=\"bd8f000\" data-element_type=\"column\" data-e-type=\"column\">\n\t\t\t<div class=\"elementor-widget-wrap elementor-element-populated\">\n\t\t\t\t\t\t<div class=\"elementor-element elementor-element-af110ab elementor-widget elementor-widget-text-editor\" data-id=\"af110ab\" data-element_type=\"widget\" data-e-type=\"widget\" data-widget_type=\"text-editor.default\">\n\t\t\t\t<div class=\"elementor-widget-container\">\n\t\t\t\t\t\t\t\t\t<p class=\"small\"><em>*Consultar precios y condiciones para grupos de m\u00e1s de 15 personas.<\/em><\/p>\t\t\t\t\t\t\t\t<\/div>\n\t\t\t\t<\/div>\n\t\t\t\t\t<\/div>\n\t\t<\/div>\n\t\t\t\t\t<\/div>\n\t\t<\/section>\n\t\t\t\t<section class=\"elementor-section elementor-top-section elementor-element elementor-element-4ecd80f elementor-section-boxed elementor-section-height-default elementor-section-height-default\" data-id=\"4ecd80f\" data-element_type=\"section\" data-e-type=\"section\">\n\t\t\t\t\t\t<div class=\"elementor-container elementor-column-gap-default\">\n\t\t\t\t\t<div class=\"elementor-column elementor-col-100 elementor-top-column elementor-element elementor-element-188fcc7\" data-id=\"188fcc7\" data-element_type=\"column\" data-e-type=\"column\">\n\t\t\t<div class=\"elementor-widget-wrap elementor-element-populated\">\n\t\t\t\t\t\t<div class=\"elementor-element elementor-element-d318856 elementor-widget elementor-widget-text-editor\" data-id=\"d318856\" data-element_type=\"widget\" data-e-type=\"widget\" data-widget_type=\"text-editor.default\">\n\t\t\t\t<div class=\"elementor-widget-container\">\n\t\t\t\t\t\t\t\t\t<p><em>La cata de productos de la colmena incluye 5 variedades de miel, polen, grajeas de pr\u00f3poleo y degustaci\u00f3n de jalea real.<\/em><\/p>\t\t\t\t\t\t\t\t<\/div>\n\t\t\t\t<\/div>\n\t\t\t\t\t<\/div>\n\t\t<\/div>\n\t\t\t\t\t<\/div>\n\t\t<\/section>\n\t\t\t\t<\/div>\n\t\t","protected":false},"excerpt":{"rendered":"<p>Cata de Miel A trav\u00e9s de esta experiencia \u00fanica podr\u00e1s descubrir la diversidad de sabores y de aromas que ofrece la miel. Al igual que con el vino o el aceite de oliva, la miel puede variar significativamente seg\u00fan la floraci\u00f3n, el clima y las t\u00e9cnicas de producci\u00f3n, lo que convierte cada variedad en un [&hellip;]<\/p>\n","protected":false},"author":1,"featured_media":0,"parent":0,"menu_order":0,"comment_status":"closed","ping_status":"closed","template":"","meta":{"_monsterinsights_skip_tracking":false,"_monsterinsights_sitenote_active":false,"_monsterinsights_sitenote_note":"","_monsterinsights_sitenote_category":0,"_joinchat":[],"footnotes":""},"class_list":["post-835","page","type-page","status-publish","hentry"],"aioseo_notices":[],"_links":{"self":[{"href":"https:\/\/arikiapicultura.com\/index.php\/wp-json\/wp\/v2\/pages\/835","targetHints":{"allow":["GET"]}}],"collection":[{"href":"https:\/\/arikiapicultura.com\/index.php\/wp-json\/wp\/v2\/pages"}],"about":[{"href":"https:\/\/arikiapicultura.com\/index.php\/wp-json\/wp\/v2\/types\/page"}],"author":[{"embeddable":true,"href":"https:\/\/arikiapicultura.com\/index.php\/wp-json\/wp\/v2\/users\/1"}],"replies":[{"embeddable":true,"href":"https:\/\/arikiapicultura.com\/index.php\/wp-json\/wp\/v2\/comments?post=835"}],"version-history":[{"count":11,"href":"https:\/\/arikiapicultura.com\/index.php\/wp-json\/wp\/v2\/pages\/835\/revisions"}],"predecessor-version":[{"id":914,"href":"https:\/\/arikiapicultura.com\/index.php\/wp-json\/wp\/v2\/pages\/835\/revisions\/914"}],"wp:attachment":[{"href":"https:\/\/arikiapicultura.com\/index.php\/wp-json\/wp\/v2\/media?parent=835"}],"curies":[{"name":"wp","href":"https:\/\/api.w.org\/{rel}","templated":true}]}}