{"id":945,"date":"2025-09-24T09:25:45","date_gmt":"2025-09-24T07:25:45","guid":{"rendered":"https:\/\/arikiapicultura.com\/?page_id=945"},"modified":"2025-11-11T12:34:00","modified_gmt":"2025-11-11T11:34:00","slug":"politica-de-privacidad","status":"publish","type":"page","link":"https:\/\/arikiapicultura.com\/index.php\/politica-de-privacidad\/","title":{"rendered":"Pol\u00edtica de Privacidad"},"content":{"rendered":"\t\t<div data-elementor-type=\"wp-page\" data-elementor-id=\"945\" class=\"elementor elementor-945\">\n\t\t\t\t\t\t<section class=\"elementor-section elementor-top-section elementor-element elementor-element-77ed4e3 elementor-section-boxed elementor-section-height-default elementor-section-height-default\" data-id=\"77ed4e3\" data-element_type=\"section\" data-e-type=\"section\">\n\t\t\t\t\t\t<div class=\"elementor-container elementor-column-gap-default\">\n\t\t\t\t\t<div class=\"elementor-column elementor-col-100 elementor-top-column elementor-element elementor-element-bf87f14\" data-id=\"bf87f14\" data-element_type=\"column\" data-e-type=\"column\">\n\t\t\t<div class=\"elementor-widget-wrap elementor-element-populated\">\n\t\t\t\t\t\t<div class=\"elementor-element elementor-element-6a32a98 elementor-widget elementor-widget-spacer\" data-id=\"6a32a98\" data-element_type=\"widget\" data-e-type=\"widget\" data-widget_type=\"spacer.default\">\n\t\t\t\t<div class=\"elementor-widget-container\">\n\t\t\t\t\t\t\t<div class=\"elementor-spacer\">\n\t\t\t<div class=\"elementor-spacer-inner\"><\/div>\n\t\t<\/div>\n\t\t\t\t\t\t<\/div>\n\t\t\t\t<\/div>\n\t\t\t\t\t<\/div>\n\t\t<\/div>\n\t\t\t\t\t<\/div>\n\t\t<\/section>\n\t\t\t\t<section class=\"elementor-section elementor-top-section elementor-element elementor-element-0b5cf2e elementor-section-boxed elementor-section-height-default elementor-section-height-default\" data-id=\"0b5cf2e\" data-element_type=\"section\" data-e-type=\"section\">\n\t\t\t\t\t\t<div class=\"elementor-container elementor-column-gap-default\">\n\t\t\t\t\t<div class=\"elementor-column elementor-col-100 elementor-top-column elementor-element elementor-element-e5e371c\" data-id=\"e5e371c\" data-element_type=\"column\" data-e-type=\"column\">\n\t\t\t<div class=\"elementor-widget-wrap elementor-element-populated\">\n\t\t\t\t\t\t<div class=\"elementor-element elementor-element-98bdcfe elementor-widget elementor-widget-heading\" data-id=\"98bdcfe\" data-element_type=\"widget\" data-e-type=\"widget\" data-widget_type=\"heading.default\">\n\t\t\t\t<div class=\"elementor-widget-container\">\n\t\t\t\t\t<h2 class=\"elementor-heading-title elementor-size-default\">Pol\u00edtica de Privacidad<\/h2>\t\t\t\t<\/div>\n\t\t\t\t<\/div>\n\t\t\t\t\t<\/div>\n\t\t<\/div>\n\t\t\t\t\t<\/div>\n\t\t<\/section>\n\t\t\t\t<section class=\"elementor-section elementor-top-section elementor-element elementor-element-4f541f3 elementor-section-boxed elementor-section-height-default elementor-section-height-default\" data-id=\"4f541f3\" data-element_type=\"section\" data-e-type=\"section\">\n\t\t\t\t\t\t<div class=\"elementor-container elementor-column-gap-default\">\n\t\t\t\t\t<div class=\"elementor-column elementor-col-100 elementor-top-column elementor-element elementor-element-abec101\" data-id=\"abec101\" data-element_type=\"column\" data-e-type=\"column\">\n\t\t\t<div class=\"elementor-widget-wrap elementor-element-populated\">\n\t\t\t\t\t\t<div class=\"elementor-element elementor-element-060e64b elementor-widget elementor-widget-spacer\" data-id=\"060e64b\" data-element_type=\"widget\" data-e-type=\"widget\" data-widget_type=\"spacer.default\">\n\t\t\t\t<div class=\"elementor-widget-container\">\n\t\t\t\t\t\t\t<div class=\"elementor-spacer\">\n\t\t\t<div class=\"elementor-spacer-inner\"><\/div>\n\t\t<\/div>\n\t\t\t\t\t\t<\/div>\n\t\t\t\t<\/div>\n\t\t\t\t\t<\/div>\n\t\t<\/div>\n\t\t\t\t\t<\/div>\n\t\t<\/section>\n\t\t\t\t<section class=\"elementor-section elementor-top-section elementor-element elementor-element-7d27caf elementor-section-boxed elementor-section-height-default elementor-section-height-default\" data-id=\"7d27caf\" data-element_type=\"section\" data-e-type=\"section\">\n\t\t\t\t\t\t<div class=\"elementor-container elementor-column-gap-default\">\n\t\t\t\t\t<div class=\"elementor-column elementor-col-100 elementor-top-column elementor-element elementor-element-daea3de\" data-id=\"daea3de\" data-element_type=\"column\" data-e-type=\"column\">\n\t\t\t<div class=\"elementor-widget-wrap elementor-element-populated\">\n\t\t\t\t\t\t<div class=\"elementor-element elementor-element-c14f514 elementor-widget elementor-widget-text-editor\" data-id=\"c14f514\" data-element_type=\"widget\" data-e-type=\"widget\" data-widget_type=\"text-editor.default\">\n\t\t\t\t<div class=\"elementor-widget-container\">\n\t\t\t\t\t\t\t\t\t<p><span style=\"color: #d99a00; font-family: Roboto, sans-serif; font-size: 2rem; font-weight: 600; text-transform: capitalize;\">1. Responsable del tratamiento<\/span><\/p>\n<p data-start=\"1605\" data-end=\"1869\">De conformidad con el <strong data-start=\"1627\" data-end=\"1662\">Reglamento (UE) 2016\/679 (RGPD)<\/strong> y la <strong data-start=\"1668\" data-end=\"1701\">Ley Org\u00e1nica 3\/2018 (LOPDGDD)<\/strong>, te informamos de que los datos personales que nos facilites a trav\u00e9s de este sitio web ser\u00e1n tratados por <strong data-start=\"1809\" data-end=\"1835\">B\u00e1rbara Isabel Salinas Gaspar<\/strong> como responsable del tratamiento.<\/p>\n<hr data-start=\"1871\" data-end=\"1874\">\n<h2 data-start=\"1876\" data-end=\"1907\">2. Finalidad del tratamiento<\/h2>\n<p data-start=\"1909\" data-end=\"1971\">Tratamos los datos personales para las siguientes finalidades:<\/p>\n<ul data-start=\"1973\" data-end=\"2427\">\n<li data-start=\"1973\" data-end=\"2069\">\n<p data-start=\"1975\" data-end=\"2069\">Gestionar los pedidos, env\u00edos y facturaci\u00f3n de los productos adquiridos en la tienda online.<\/p>\n<\/li>\n<li data-start=\"2070\" data-end=\"2189\">\n<p data-start=\"2072\" data-end=\"2189\">Atender consultas, solicitudes o comunicaciones recibidas a trav\u00e9s del formulario de contacto o correo electr\u00f3nico.<\/p>\n<\/li>\n<li data-start=\"2190\" data-end=\"2293\">\n<p data-start=\"2192\" data-end=\"2293\">Gestionar la inscripci\u00f3n y asistencia a <strong data-start=\"2232\" data-end=\"2257\">talleres presenciales<\/strong> organizados por Ariki Apicultura.<\/p>\n<\/li>\n<li data-start=\"2294\" data-end=\"2427\">\n<p data-start=\"2296\" data-end=\"2427\">Enviar informaci\u00f3n comercial y novedades sobre nuestros productos o talleres, siempre que el usuario haya dado su consentimiento.<\/p>\n<\/li>\n<\/ul>\n<hr data-start=\"2429\" data-end=\"2432\">\n<h2 data-start=\"2434\" data-end=\"2452\">3. Legitimaci\u00f3n<\/h2>\n<p data-start=\"2454\" data-end=\"2509\">Las bases legales para el tratamiento de tus datos son:<\/p>\n<ul data-start=\"2511\" data-end=\"2794\">\n<li data-start=\"2511\" data-end=\"2597\">\n<p data-start=\"2513\" data-end=\"2597\"><strong data-start=\"2513\" data-end=\"2542\">Ejecuci\u00f3n de un contrato:<\/strong> para la venta de productos y la gesti\u00f3n de talleres.<\/p>\n<\/li>\n<li data-start=\"2598\" data-end=\"2706\">\n<p data-start=\"2600\" data-end=\"2706\"><strong data-start=\"2600\" data-end=\"2634\">Consentimiento del interesado:<\/strong> para el env\u00edo de comunicaciones comerciales o boletines informativos.<\/p>\n<\/li>\n<li data-start=\"2707\" data-end=\"2794\">\n<p data-start=\"2709\" data-end=\"2794\"><strong data-start=\"2709\" data-end=\"2750\">Cumplimiento de obligaciones legales:<\/strong> en materia fiscal, contable y de consumo.<\/p>\n<\/li>\n<\/ul>\n<hr data-start=\"2796\" data-end=\"2799\">\n<h2 data-start=\"2801\" data-end=\"2832\">4. Conservaci\u00f3n de los datos<\/h2>\n<p data-start=\"2834\" data-end=\"2870\">Los datos personales se conservar\u00e1n:<\/p>\n<ul data-start=\"2872\" data-end=\"3116\">\n<li data-start=\"2872\" data-end=\"2929\">\n<p data-start=\"2874\" data-end=\"2929\">Mientras exista una relaci\u00f3n comercial o contractual.<\/p>\n<\/li>\n<li data-start=\"2930\" data-end=\"3030\">\n<p data-start=\"2932\" data-end=\"3030\">Durante los plazos legales necesarios para cumplir con obligaciones fiscales o de reclamaciones.<\/p>\n<\/li>\n<li data-start=\"3031\" data-end=\"3116\">\n<p data-start=\"3033\" data-end=\"3116\">Hasta que el usuario solicite la supresi\u00f3n de sus datos o retire su consentimiento.<\/p>\n<\/li>\n<\/ul>\n<hr data-start=\"3118\" data-end=\"3121\">\n<h2 data-start=\"3123\" data-end=\"3155\">5. Destinatarios de los datos<\/h2>\n<p data-start=\"3157\" data-end=\"3192\">Tus datos podr\u00e1n ser comunicados a:<\/p>\n<ul data-start=\"3194\" data-end=\"3414\">\n<li data-start=\"3194\" data-end=\"3329\">\n<p data-start=\"3196\" data-end=\"3329\">Proveedores de servicios necesarios para la ejecuci\u00f3n del contrato (por ejemplo, mensajer\u00edas, pasarelas de pago o alojamiento web).<\/p>\n<\/li>\n<li data-start=\"3330\" data-end=\"3414\">\n<p data-start=\"3332\" data-end=\"3414\">Administraciones p\u00fablicas competentes, cuando as\u00ed lo exija la normativa vigente.<\/p>\n<\/li>\n<\/ul>\n<p data-start=\"3416\" data-end=\"3505\">No se prev\u00e9n transferencias internacionales de datos fuera del Espacio Econ\u00f3mico Europeo.<\/p>\n<hr data-start=\"3507\" data-end=\"3510\">\n<h2 data-start=\"3512\" data-end=\"3554\">6. Derechos de las personas interesadas<\/h2>\n<p data-start=\"3556\" data-end=\"3587\">Puedes ejercer tus derechos de:<\/p>\n<ul data-start=\"3589\" data-end=\"3753\">\n<li data-start=\"3589\" data-end=\"3638\">\n<p data-start=\"3591\" data-end=\"3638\">Acceso, rectificaci\u00f3n, supresi\u00f3n y oposici\u00f3n.<\/p>\n<\/li>\n<li data-start=\"3639\" data-end=\"3670\">\n<p data-start=\"3641\" data-end=\"3670\">Limitaci\u00f3n del tratamiento.<\/p>\n<\/li>\n<li data-start=\"3671\" data-end=\"3701\">\n<p data-start=\"3673\" data-end=\"3701\">Portabilidad de tus datos.<\/p>\n<\/li>\n<li data-start=\"3702\" data-end=\"3753\">\n<p data-start=\"3704\" data-end=\"3753\">Retirada del consentimiento en cualquier momento.<\/p>\n<\/li>\n<\/ul>\n<p data-start=\"3755\" data-end=\"3893\">Para ello, puedes enviar una solicitud a <strong data-start=\"3796\" data-end=\"3824\"><a rel=\"noopener\" data-start=\"3798\" data-end=\"3822\">info@arikiapicultura.com<\/a><\/strong>, indicando el derecho que deseas ejercer y acreditando tu identidad.<\/p>\n<p data-start=\"3895\" data-end=\"4073\">Tambi\u00e9n tienes derecho a presentar una reclamaci\u00f3n ante la <strong data-start=\"3954\" data-end=\"4004\">Agencia Espa\u00f1ola de Protecci\u00f3n de Datos (AEPD)<\/strong> si consideras que el tratamiento de tus datos infringe la normativa.<\/p>\n<hr data-start=\"4075\" data-end=\"4078\">\n<h2 data-start=\"4080\" data-end=\"4108\">7. Seguridad de los datos<\/h2>\n<p data-start=\"4110\" data-end=\"4285\">Aplicamos medidas t\u00e9cnicas y organizativas apropiadas para garantizar la seguridad de tus datos personales y evitar su alteraci\u00f3n, p\u00e9rdida, tratamiento o acceso no autorizado.<\/p>\n<hr data-start=\"4287\" data-end=\"4290\">\n<h2 data-start=\"4292\" data-end=\"4315\">8. Enlaces y cookies<\/h2>\n<p data-start=\"4317\" data-end=\"4443\">Esta web puede incluir enlaces a sitios de terceros. <strong data-start=\"4370\" data-end=\"4390\">Ariki Apicultura<\/strong> no se responsabiliza de sus pol\u00edticas de privacidad.<\/p>\n<p data-start=\"4445\" data-end=\"4552\">El uso de cookies se detalla en la <strong data-start=\"4480\" data-end=\"4503\">Pol\u00edtica de Cookies<\/strong>, accesible desde cualquier p\u00e1gina del sitio web.<\/p>\n<hr data-start=\"4554\" data-end=\"4557\">\n<h2 data-start=\"4559\" data-end=\"4580\">9. Menores de edad<\/h2>\n<p data-start=\"4582\" data-end=\"4793\">No se recogen datos personales de menores de 14 a\u00f1os sin el consentimiento expreso de sus padres o tutores. Si detectamos que se han proporcionado datos sin dicho consentimiento, ser\u00e1n eliminados inmediatamente.<\/p>\n<hr data-start=\"4795\" data-end=\"4798\">\n<h2 data-start=\"4800\" data-end=\"4822\">10. Actualizaciones<\/h2>\n<p style=\"margin-block: 0px 0.9rem; color: #021c10; font-family: Dosis, sans-serif;\">\n<\/p><p data-start=\"4824\" data-end=\"5006\">Nos reservamos el derecho a modificar esta pol\u00edtica para adaptarla a novedades legislativas o cambios en nuestra actividad.<br data-start=\"4947\" data-end=\"4950\">\u00daltima actualizaci\u00f3n: 11 de Noviembre de 2025.<\/p>\t\t\t\t\t\t\t\t<\/div>\n\t\t\t\t<\/div>\n\t\t\t\t\t<\/div>\n\t\t<\/div>\n\t\t\t\t\t<\/div>\n\t\t<\/section>\n\t\t\t\t<\/div>\n\t\t","protected":false},"excerpt":{"rendered":"<p>Pol\u00edtica de Privacidad 1. Responsable del tratamiento De conformidad con el Reglamento (UE) 2016\/679 (RGPD) y la Ley Org\u00e1nica 3\/2018 (LOPDGDD), te informamos de que los datos personales que nos facilites a trav\u00e9s de este sitio web ser\u00e1n tratados por B\u00e1rbara Isabel Salinas Gaspar como responsable del tratamiento. 2. Finalidad del tratamiento Tratamos los datos [&hellip;]<\/p>\n","protected":false},"author":1,"featured_media":0,"parent":0,"menu_order":0,"comment_status":"closed","ping_status":"closed","template":"","meta":{"_monsterinsights_skip_tracking":false,"_monsterinsights_sitenote_active":false,"_monsterinsights_sitenote_note":"","_monsterinsights_sitenote_category":0,"_joinchat":[],"footnotes":""},"class_list":["post-945","page","type-page","status-publish","hentry"],"aioseo_notices":[],"_links":{"self":[{"href":"https:\/\/arikiapicultura.com\/index.php\/wp-json\/wp\/v2\/pages\/945","targetHints":{"allow":["GET"]}}],"collection":[{"href":"https:\/\/arikiapicultura.com\/index.php\/wp-json\/wp\/v2\/pages"}],"about":[{"href":"https:\/\/arikiapicultura.com\/index.php\/wp-json\/wp\/v2\/types\/page"}],"author":[{"embeddable":true,"href":"https:\/\/arikiapicultura.com\/index.php\/wp-json\/wp\/v2\/users\/1"}],"replies":[{"embeddable":true,"href":"https:\/\/arikiapicultura.com\/index.php\/wp-json\/wp\/v2\/comments?post=945"}],"version-history":[{"count":7,"href":"https:\/\/arikiapicultura.com\/index.php\/wp-json\/wp\/v2\/pages\/945\/revisions"}],"predecessor-version":[{"id":1078,"href":"https:\/\/arikiapicultura.com\/index.php\/wp-json\/wp\/v2\/pages\/945\/revisions\/1078"}],"wp:attachment":[{"href":"https:\/\/arikiapicultura.com\/index.php\/wp-json\/wp\/v2\/media?parent=945"}],"curies":[{"name":"wp","href":"https:\/\/api.w.org\/{rel}","templated":true}]}}