{"id":1161,"date":"2026-01-13T15:27:08","date_gmt":"2026-01-13T14:27:08","guid":{"rendered":"https:\/\/arikiapicultura.com\/index.php\/producto\/pilar-nordlys\/"},"modified":"2026-01-13T15:27:08","modified_gmt":"2026-01-13T14:27:08","slug":"pilar-nordlys","status":"publish","type":"product","link":"https:\/\/arikiapicultura.com\/index.php\/producto\/pilar-nordlys\/","title":{"rendered":"Pilar \u00abNordlys\u00bb"},"content":{"rendered":"<p>El Pilar Nordlys\u00bb es una pieza premium de nuestra colecci\u00f3n. Su nombre<\/p>\n","protected":false},"excerpt":{"rendered":"<p>La vela m\u00e1s exclusiva de la colecci\u00f3n, con textura y estampado \u00fanicos.<\/p>\n","protected":false},"featured_media":0,"comment_status":"open","ping_status":"closed","template":"","meta":{"_monsterinsights_skip_tracking":false,"_monsterinsights_sitenote_active":false,"_monsterinsights_sitenote_note":"","_monsterinsights_sitenote_category":0,"_joinchat":[]},"product_brand":[],"product_cat":[39],"product_tag":[35,38,36,40,37],"class_list":{"0":"post-1161","1":"product","2":"type-product","3":"status-publish","5":"product_cat-especiales-premium","6":"product_tag-cera-abeja-natural","7":"product_tag-decoracion","8":"product_tag-hecho-a-mano","9":"product_tag-premium","10":"product_tag-regalo","12":"first","13":"instock","14":"shipping-taxable","15":"purchasable","16":"product-type-simple"},"aioseo_notices":[],"_links":{"self":[{"href":"https:\/\/arikiapicultura.com\/index.php\/wp-json\/wp\/v2\/product\/1161","targetHints":{"allow":["GET"]}}],"collection":[{"href":"https:\/\/arikiapicultura.com\/index.php\/wp-json\/wp\/v2\/product"}],"about":[{"href":"https:\/\/arikiapicultura.com\/index.php\/wp-json\/wp\/v2\/types\/product"}],"replies":[{"embeddable":true,"href":"https:\/\/arikiapicultura.com\/index.php\/wp-json\/wp\/v2\/comments?post=1161"}],"wp:attachment":[{"href":"https:\/\/arikiapicultura.com\/index.php\/wp-json\/wp\/v2\/media?parent=1161"}],"wp:term":[{"taxonomy":"product_brand","embeddable":true,"href":"https:\/\/arikiapicultura.com\/index.php\/wp-json\/wp\/v2\/product_brand?post=1161"},{"taxonomy":"product_cat","embeddable":true,"href":"https:\/\/arikiapicultura.com\/index.php\/wp-json\/wp\/v2\/product_cat?post=1161"},{"taxonomy":"product_tag","embeddable":true,"href":"https:\/\/arikiapicultura.com\/index.php\/wp-json\/wp\/v2\/product_tag?post=1161"}],"curies":[{"name":"wp","href":"https:\/\/api.w.org\/{rel}","templated":true}]}}